{"id":144,"date":"2025-09-12T09:20:20","date_gmt":"2025-09-12T09:20:20","guid":{"rendered":"http:\/\/www.verigo.hmcloud.pl\/?page_id=144"},"modified":"2025-09-17T15:00:24","modified_gmt":"2025-09-17T15:00:24","slug":"promocje","status":"publish","type":"page","link":"https:\/\/www.verigo.hmcloud.pl\/index.php\/promocje\/","title":{"rendered":"promocje"},"content":{"rendered":"\n<p>W naszym sklepie mamy wieszak outletowy z ubraniami po bardzo korzystnych cenach. S\u0105 na nim ubrania pe\u0142nowarto\u015bciowe ale s\u0105 to pojedyncze sztuki, nie ma wi\u0119c wyboru rozmiar\u00f3w.<\/p>\n\n\n\n<p>S\u0105 te\u017c i promocje obejmuj\u0105ce ca\u0142y asortyment lub wybrane ubrania . Bie\u017c\u0105ce informacje o takich promocjach zamieszczamy na facebook`u : Verigo Odzie\u017c Damska.<\/p>\n\n\n\n<figure class=\"wp-block-image size-large\"><img loading=\"lazy\" decoding=\"async\" width=\"1006\" height=\"1024\" src=\"http:\/\/www.verigo.hmcloud.pl\/wp-content\/uploads\/2025\/09\/wieszak-outletowy-1-1006x1024.jpg\" alt=\"wieszak z przecenami\" class=\"wp-image-338\" srcset=\"https:\/\/www.verigo.hmcloud.pl\/wp-content\/uploads\/2025\/09\/wieszak-outletowy-1-1006x1024.jpg 1006w, https:\/\/www.verigo.hmcloud.pl\/wp-content\/uploads\/2025\/09\/wieszak-outletowy-1-295x300.jpg 295w, https:\/\/www.verigo.hmcloud.pl\/wp-content\/uploads\/2025\/09\/wieszak-outletowy-1-768x782.jpg 768w, https:\/\/www.verigo.hmcloud.pl\/wp-content\/uploads\/2025\/09\/wieszak-outletowy-1-1509x1536.jpg 1509w, https:\/\/www.verigo.hmcloud.pl\/wp-content\/uploads\/2025\/09\/wieszak-outletowy-1-2012x2048.jpg 2012w\" sizes=\"auto, (max-width: 1006px) 100vw, 1006px\" \/><figcaption class=\"wp-element-caption\">wieszak z przecenionymi sukienkami<\/figcaption><\/figure>\n","protected":false},"excerpt":{"rendered":"<p>W naszym sklepie mamy wieszak outletowy z ubraniami po bardzo korzystnych cenach. S\u0105 na nim ubrania pe\u0142nowarto\u015bciowe ale s\u0105 to pojedyncze sztuki, nie ma wi\u0119c wyboru rozmiar\u00f3w. S\u0105 te\u017c i promocje obejmuj\u0105ce ca\u0142y asortyment lub wybrane ubrania . Bie\u017c\u0105ce informacje o takich promocjach zamieszczamy na [&hellip;]<\/p>\n","protected":false},"author":1,"featured_media":0,"parent":0,"menu_order":0,"comment_status":"closed","ping_status":"closed","template":"","meta":{"footnotes":""},"class_list":["post-144","page","type-page","status-publish","hentry"],"_links":{"self":[{"href":"https:\/\/www.verigo.hmcloud.pl\/index.php\/wp-json\/wp\/v2\/pages\/144","targetHints":{"allow":["GET"]}}],"collection":[{"href":"https:\/\/www.verigo.hmcloud.pl\/index.php\/wp-json\/wp\/v2\/pages"}],"about":[{"href":"https:\/\/www.verigo.hmcloud.pl\/index.php\/wp-json\/wp\/v2\/types\/page"}],"author":[{"embeddable":true,"href":"https:\/\/www.verigo.hmcloud.pl\/index.php\/wp-json\/wp\/v2\/users\/1"}],"replies":[{"embeddable":true,"href":"https:\/\/www.verigo.hmcloud.pl\/index.php\/wp-json\/wp\/v2\/comments?post=144"}],"version-history":[{"count":6,"href":"https:\/\/www.verigo.hmcloud.pl\/index.php\/wp-json\/wp\/v2\/pages\/144\/revisions"}],"predecessor-version":[{"id":342,"href":"https:\/\/www.verigo.hmcloud.pl\/index.php\/wp-json\/wp\/v2\/pages\/144\/revisions\/342"}],"wp:attachment":[{"href":"https:\/\/www.verigo.hmcloud.pl\/index.php\/wp-json\/wp\/v2\/media?parent=144"}],"curies":[{"name":"wp","href":"https:\/\/api.w.org\/{rel}","templated":true}]}}