{"id":2,"date":"2025-09-06T09:23:44","date_gmt":"2025-09-06T09:23:44","guid":{"rendered":"http:\/\/www.verigo.hmcloud.pl\/?page_id=2"},"modified":"2025-09-22T11:24:09","modified_gmt":"2025-09-22T11:24:09","slug":"projekty","status":"publish","type":"page","link":"https:\/\/www.verigo.hmcloud.pl\/index.php\/projekty\/","title":{"rendered":"szycie na miar\u0119"},"content":{"rendered":"\n<figure class=\"wp-block-image size-large\"><img loading=\"lazy\" decoding=\"async\" width=\"1024\" height=\"420\" src=\"http:\/\/www.verigo.hmcloud.pl\/wp-content\/uploads\/2025\/09\/rysunek-miary-1024x420.jpg\" alt=\"\" class=\"wp-image-43\" srcset=\"https:\/\/www.verigo.hmcloud.pl\/wp-content\/uploads\/2025\/09\/rysunek-miary-1024x420.jpg 1024w, https:\/\/www.verigo.hmcloud.pl\/wp-content\/uploads\/2025\/09\/rysunek-miary-300x123.jpg 300w, https:\/\/www.verigo.hmcloud.pl\/wp-content\/uploads\/2025\/09\/rysunek-miary-768x315.jpg 768w, https:\/\/www.verigo.hmcloud.pl\/wp-content\/uploads\/2025\/09\/rysunek-miary.jpg 1107w\" sizes=\"auto, (max-width: 1024px) 100vw, 1024px\" \/><\/figure>\n\n\n\n<div class=\"wp-block-columns is-layout-flex wp-container-core-columns-is-layout-9d6595d7 wp-block-columns-is-layout-flex\">\n<div class=\"wp-block-column is-layout-flow wp-block-column-is-layout-flow\" style=\"flex-basis:100%\">\n<div class=\"wp-block-columns is-layout-flex wp-container-core-columns-is-layout-9d6595d7 wp-block-columns-is-layout-flex\">\n<div class=\"wp-block-column is-layout-flow wp-block-column-is-layout-flow\">\n<figure class=\"wp-block-image size-large\"><img loading=\"lazy\" decoding=\"async\" width=\"343\" height=\"1024\" src=\"http:\/\/www.verigo.hmcloud.pl\/wp-content\/uploads\/2025\/09\/sukienka-niebieska-343x1024.jpg\" alt=\"bardzo elegancka sukienka wyj\u015bciowa na popo\u0142udniow\u0105 okazj\u0119. Na przyk\u0142ad na otwarcie wesela osoby bliskiej, na uroczyste przedstawienie teatralne lub koncert\" class=\"wp-image-77\" srcset=\"https:\/\/www.verigo.hmcloud.pl\/wp-content\/uploads\/2025\/09\/sukienka-niebieska-343x1024.jpg 343w, https:\/\/www.verigo.hmcloud.pl\/wp-content\/uploads\/2025\/09\/sukienka-niebieska-768x2292.jpg 768w, https:\/\/www.verigo.hmcloud.pl\/wp-content\/uploads\/2025\/09\/sukienka-niebieska-515x1536.jpg 515w, https:\/\/www.verigo.hmcloud.pl\/wp-content\/uploads\/2025\/09\/sukienka-niebieska-686x2048.jpg 686w, https:\/\/www.verigo.hmcloud.pl\/wp-content\/uploads\/2025\/09\/sukienka-niebieska-scaled.jpg 858w\" sizes=\"auto, (max-width: 343px) 100vw, 343px\" \/><\/figure>\n<\/div>\n\n\n\n<div class=\"wp-block-column is-layout-flow wp-block-column-is-layout-flow\">\n<figure class=\"wp-block-image size-large is-resized\"><img loading=\"lazy\" decoding=\"async\" width=\"449\" height=\"1024\" src=\"http:\/\/www.verigo.hmcloud.pl\/wp-content\/uploads\/2025\/09\/nf3-003a-1-449x1024.jpg\" alt=\"elegancki we\u0142niany \u017cakiet do czarnej sukienki\" class=\"wp-image-84\" style=\"width:247px;height:auto\" srcset=\"https:\/\/www.verigo.hmcloud.pl\/wp-content\/uploads\/2025\/09\/nf3-003a-1-449x1024.jpg 449w, https:\/\/www.verigo.hmcloud.pl\/wp-content\/uploads\/2025\/09\/nf3-003a-1-132x300.jpg 132w, https:\/\/www.verigo.hmcloud.pl\/wp-content\/uploads\/2025\/09\/nf3-003a-1-768x1750.jpg 768w, https:\/\/www.verigo.hmcloud.pl\/wp-content\/uploads\/2025\/09\/nf3-003a-1-674x1536.jpg 674w, https:\/\/www.verigo.hmcloud.pl\/wp-content\/uploads\/2025\/09\/nf3-003a-1-899x2048.jpg 899w, https:\/\/www.verigo.hmcloud.pl\/wp-content\/uploads\/2025\/09\/nf3-003a-1.jpg 964w\" sizes=\"auto, (max-width: 449px) 100vw, 449px\" \/><\/figure>\n\n\n\n<figure class=\"wp-block-image size-large is-resized\"><img loading=\"lazy\" decoding=\"async\" width=\"401\" height=\"1024\" src=\"http:\/\/www.verigo.hmcloud.pl\/wp-content\/uploads\/2025\/09\/biala-suk-z-koronkowa-bluzka-401x1024.jpg\" alt=\"\" class=\"wp-image-195\" style=\"width:153px;height:auto\" srcset=\"https:\/\/www.verigo.hmcloud.pl\/wp-content\/uploads\/2025\/09\/biala-suk-z-koronkowa-bluzka-401x1024.jpg 401w, https:\/\/www.verigo.hmcloud.pl\/wp-content\/uploads\/2025\/09\/biala-suk-z-koronkowa-bluzka-117x300.jpg 117w, https:\/\/www.verigo.hmcloud.pl\/wp-content\/uploads\/2025\/09\/biala-suk-z-koronkowa-bluzka-768x1962.jpg 768w, https:\/\/www.verigo.hmcloud.pl\/wp-content\/uploads\/2025\/09\/biala-suk-z-koronkowa-bluzka-601x1536.jpg 601w, https:\/\/www.verigo.hmcloud.pl\/wp-content\/uploads\/2025\/09\/biala-suk-z-koronkowa-bluzka-802x2048.jpg 802w, https:\/\/www.verigo.hmcloud.pl\/wp-content\/uploads\/2025\/09\/biala-suk-z-koronkowa-bluzka.jpg 872w\" sizes=\"auto, (max-width: 401px) 100vw, 401px\" \/><\/figure>\n<\/div>\n\n\n\n<div class=\"wp-block-column is-layout-flow wp-block-column-is-layout-flow\">\n<figure class=\"wp-block-image size-large\"><img loading=\"lazy\" decoding=\"async\" width=\"362\" height=\"1024\" src=\"http:\/\/www.verigo.hmcloud.pl\/wp-content\/uploads\/2025\/09\/nf3-005a-362x1024.jpg\" alt=\"bardzo elegancki komplet wieczorowy sukienka z \u017cakietem \" class=\"wp-image-86\" srcset=\"https:\/\/www.verigo.hmcloud.pl\/wp-content\/uploads\/2025\/09\/nf3-005a-362x1024.jpg 362w, https:\/\/www.verigo.hmcloud.pl\/wp-content\/uploads\/2025\/09\/nf3-005a-106x300.jpg 106w, https:\/\/www.verigo.hmcloud.pl\/wp-content\/uploads\/2025\/09\/nf3-005a-768x2175.jpg 768w, https:\/\/www.verigo.hmcloud.pl\/wp-content\/uploads\/2025\/09\/nf3-005a-723x2048.jpg 723w, https:\/\/www.verigo.hmcloud.pl\/wp-content\/uploads\/2025\/09\/nf3-005a.jpg 772w\" sizes=\"auto, (max-width: 362px) 100vw, 362px\" \/><\/figure>\n<\/div>\n<\/div>\n\n\n\n<p>Przyk\u0142ady ubra\u0144 szytych na miar\u0119<\/p>\n\n\n\n<p>Na miar\u0119 szyjemy gdy klientka ma szczeg\u00f3lnie trudn\u0105 sylwetk\u0119 lub chce rzeczy oryginalnej, czy wr\u0119cz luksusowej. W sprzeda\u017cy w sklepie nie mamy kreacji wieczorowych ale ch\u0119tnie je szyjemy na zm\u00f3wienie. R\u00f3wnie\u017c \u017cakiety szyjemy g\u0142\u00f3wnie na zam\u00f3wienie.<\/p>\n\n\n\n<p>Uwaga: By z\u0142o\u017cy\u0107 zam\u00f3wienie trzeba um\u00f3wi\u0107 si\u0119 na konkretny dzie\u0144 i godzin\u0119, poniewa\u017c ustalenie modelu, terminu wykonania i ceny wymaga wpisania zam\u00f3wienia w plan pracy pracowni, a tego Pani pracuj\u0105ca na co dzie\u0144 w sklepie zrobi\u0107 nie mo\u017ce. Um\u00f3wi\u0107 si\u0119 mo\u017cna, albo osobi\u015bcie, albo telefonicznie pod nr telefonu 511 227 767. Pobieramy zaliczki przy przyjmowaniu zam\u00f3wienia na szycie.<\/p>\n\n\n\n<p><\/p>\n\n\n\n<p><\/p>\n<\/div>\n<\/div>\n","protected":false},"excerpt":{"rendered":"<p>Przyk\u0142ady ubra\u0144 szytych na miar\u0119 Na miar\u0119 szyjemy gdy klientka ma szczeg\u00f3lnie trudn\u0105 sylwetk\u0119 lub chce rzeczy oryginalnej, czy wr\u0119cz luksusowej. W sprzeda\u017cy w sklepie nie mamy kreacji wieczorowych ale ch\u0119tnie je szyjemy na zm\u00f3wienie. R\u00f3wnie\u017c \u017cakiety szyjemy g\u0142\u00f3wnie na zam\u00f3wienie. Uwaga: By z\u0142o\u017cy\u0107 zam\u00f3wienie [&hellip;]<\/p>\n","protected":false},"author":1,"featured_media":0,"parent":0,"menu_order":0,"comment_status":"closed","ping_status":"closed","template":"","meta":{"footnotes":""},"class_list":["post-2","page","type-page","status-publish","hentry"],"_links":{"self":[{"href":"https:\/\/www.verigo.hmcloud.pl\/index.php\/wp-json\/wp\/v2\/pages\/2","targetHints":{"allow":["GET"]}}],"collection":[{"href":"https:\/\/www.verigo.hmcloud.pl\/index.php\/wp-json\/wp\/v2\/pages"}],"about":[{"href":"https:\/\/www.verigo.hmcloud.pl\/index.php\/wp-json\/wp\/v2\/types\/page"}],"author":[{"embeddable":true,"href":"https:\/\/www.verigo.hmcloud.pl\/index.php\/wp-json\/wp\/v2\/users\/1"}],"replies":[{"embeddable":true,"href":"https:\/\/www.verigo.hmcloud.pl\/index.php\/wp-json\/wp\/v2\/comments?post=2"}],"version-history":[{"count":12,"href":"https:\/\/www.verigo.hmcloud.pl\/index.php\/wp-json\/wp\/v2\/pages\/2\/revisions"}],"predecessor-version":[{"id":417,"href":"https:\/\/www.verigo.hmcloud.pl\/index.php\/wp-json\/wp\/v2\/pages\/2\/revisions\/417"}],"wp:attachment":[{"href":"https:\/\/www.verigo.hmcloud.pl\/index.php\/wp-json\/wp\/v2\/media?parent=2"}],"curies":[{"name":"wp","href":"https:\/\/api.w.org\/{rel}","templated":true}]}}