{"id":241,"date":"2025-09-15T20:35:09","date_gmt":"2025-09-15T20:35:09","guid":{"rendered":"http:\/\/www.verigo.hmcloud.pl\/?page_id=241"},"modified":"2025-09-17T03:46:19","modified_gmt":"2025-09-17T03:46:19","slug":"spodnie","status":"publish","type":"page","link":"https:\/\/www.verigo.hmcloud.pl\/index.php\/verigo-ubrania-gotowe\/spodnie\/","title":{"rendered":"spodnie"},"content":{"rendered":"\n<p class=\"has-larger-font-size\">Nasze spodnie<\/p>\n\n\n\n<p>Nasze spodnie pasuj\u0105 na r\u00f3\u017cne typy sylwetek. W sklepie maj\u0105 one d\u0142u\u017csze  nogawki, bo zak\u0142adamy, \u017ce ich d\u0142ugo\u015b\u0107 zawsze trzeba b\u0119dzie dopasowa\u0107 do d\u0142ugo\u015bci n\u00f3g lub do przyzwyczaje\u0144 klientki. Stosownie do sezonu szyjemy spodnie z we\u0142ny, wiskozy, bawe\u0142ny, lnu.<\/p>\n\n\n\n<div class=\"wp-block-columns is-layout-flex wp-container-core-columns-is-layout-9d6595d7 wp-block-columns-is-layout-flex\">\n<div class=\"wp-block-column is-layout-flow wp-block-column-is-layout-flow\">\n<figure class=\"wp-block-image size-large is-resized\"><img loading=\"lazy\" decoding=\"async\" width=\"381\" height=\"1024\" src=\"http:\/\/www.verigo.hmcloud.pl\/wp-content\/uploads\/2025\/09\/spodnie-zakiet-381x1024.jpg\" alt=\"spodnie we\u0142na\" class=\"wp-image-255\" style=\"width:170px;height:auto\" srcset=\"https:\/\/www.verigo.hmcloud.pl\/wp-content\/uploads\/2025\/09\/spodnie-zakiet-381x1024.jpg 381w, https:\/\/www.verigo.hmcloud.pl\/wp-content\/uploads\/2025\/09\/spodnie-zakiet-571x1536.jpg 571w, https:\/\/www.verigo.hmcloud.pl\/wp-content\/uploads\/2025\/09\/spodnie-zakiet.jpg 738w\" sizes=\"auto, (max-width: 381px) 100vw, 381px\" \/><\/figure>\n<\/div>\n\n\n\n<div class=\"wp-block-column is-layout-flow wp-block-column-is-layout-flow\">\n<figure class=\"wp-block-image is-resized\"><img loading=\"lazy\" decoding=\"async\" width=\"740\" height=\"2560\" src=\"http:\/\/www.verigo.hmcloud.pl\/wp-content\/uploads\/2025\/09\/spodnie-bluzka-7-scaled.jpg\" alt=\"spodnie wiskoza\" class=\"wp-image-249\" style=\"width:141px;height:auto\" srcset=\"https:\/\/www.verigo.hmcloud.pl\/wp-content\/uploads\/2025\/09\/spodnie-bluzka-7-scaled.jpg 740w, https:\/\/www.verigo.hmcloud.pl\/wp-content\/uploads\/2025\/09\/spodnie-bluzka-7-87x300.jpg 87w, https:\/\/www.verigo.hmcloud.pl\/wp-content\/uploads\/2025\/09\/spodnie-bluzka-7-296x1024.jpg 296w, https:\/\/www.verigo.hmcloud.pl\/wp-content\/uploads\/2025\/09\/spodnie-bluzka-7-768x2656.jpg 768w, https:\/\/www.verigo.hmcloud.pl\/wp-content\/uploads\/2025\/09\/spodnie-bluzka-7-444x1536.jpg 444w, https:\/\/www.verigo.hmcloud.pl\/wp-content\/uploads\/2025\/09\/spodnie-bluzka-7-592x2048.jpg 592w\" sizes=\"auto, (max-width: 740px) 100vw, 740px\" \/><\/figure>\n<\/div>\n\n\n\n<div class=\"wp-block-column is-layout-flow wp-block-column-is-layout-flow\">\n<figure class=\"wp-block-image size-large\"><img loading=\"lazy\" decoding=\"async\" width=\"589\" height=\"1024\" src=\"http:\/\/www.verigo.hmcloud.pl\/wp-content\/uploads\/2025\/09\/spodnie-zakiet-bluzka-589x1024.jpg\" alt=\"spodnie \u017cakiet bluzka\" class=\"wp-image-254\" srcset=\"https:\/\/www.verigo.hmcloud.pl\/wp-content\/uploads\/2025\/09\/spodnie-zakiet-bluzka-589x1024.jpg 589w, https:\/\/www.verigo.hmcloud.pl\/wp-content\/uploads\/2025\/09\/spodnie-zakiet-bluzka-173x300.jpg 173w, https:\/\/www.verigo.hmcloud.pl\/wp-content\/uploads\/2025\/09\/spodnie-zakiet-bluzka-768x1336.jpg 768w, https:\/\/www.verigo.hmcloud.pl\/wp-content\/uploads\/2025\/09\/spodnie-zakiet-bluzka-883x1536.jpg 883w, https:\/\/www.verigo.hmcloud.pl\/wp-content\/uploads\/2025\/09\/spodnie-zakiet-bluzka.jpg 1150w\" sizes=\"auto, (max-width: 589px) 100vw, 589px\" \/><\/figure>\n<\/div>\n<\/div>\n\n\n\n<div class=\"wp-block-columns is-layout-flex wp-container-core-columns-is-layout-9d6595d7 wp-block-columns-is-layout-flex\">\n<div class=\"wp-block-column is-layout-flow wp-block-column-is-layout-flow\">\n<figure class=\"wp-block-image size-large is-resized\"><img loading=\"lazy\" decoding=\"async\" width=\"302\" height=\"1024\" src=\"http:\/\/www.verigo.hmcloud.pl\/wp-content\/uploads\/2025\/09\/spodnie-bluzka-9-302x1024.jpg\" alt=\"spodnie bluzka\" class=\"wp-image-251\" style=\"width:139px;height:auto\" srcset=\"https:\/\/www.verigo.hmcloud.pl\/wp-content\/uploads\/2025\/09\/spodnie-bluzka-9-302x1024.jpg 302w, https:\/\/www.verigo.hmcloud.pl\/wp-content\/uploads\/2025\/09\/spodnie-bluzka-9-scaled.jpg 754w\" sizes=\"auto, (max-width: 302px) 100vw, 302px\" \/><\/figure>\n<\/div>\n\n\n\n<div class=\"wp-block-column is-layout-flow wp-block-column-is-layout-flow\">\n<figure class=\"wp-block-image size-large is-resized\"><img loading=\"lazy\" decoding=\"async\" width=\"354\" height=\"1024\" src=\"http:\/\/www.verigo.hmcloud.pl\/wp-content\/uploads\/2025\/09\/spodnie-kurtka-354x1024.jpg\" alt=\"spodnie sweter bluzka\" class=\"wp-image-253\" style=\"width:171px;height:auto\" srcset=\"https:\/\/www.verigo.hmcloud.pl\/wp-content\/uploads\/2025\/09\/spodnie-kurtka-354x1024.jpg 354w, https:\/\/www.verigo.hmcloud.pl\/wp-content\/uploads\/2025\/09\/spodnie-kurtka-104x300.jpg 104w, https:\/\/www.verigo.hmcloud.pl\/wp-content\/uploads\/2025\/09\/spodnie-kurtka-531x1536.jpg 531w, https:\/\/www.verigo.hmcloud.pl\/wp-content\/uploads\/2025\/09\/spodnie-kurtka.jpg 678w\" sizes=\"auto, (max-width: 354px) 100vw, 354px\" \/><\/figure>\n<\/div>\n\n\n\n<div class=\"wp-block-column is-layout-flow wp-block-column-is-layout-flow\">\n<figure class=\"wp-block-image size-large is-resized\"><img loading=\"lazy\" decoding=\"async\" width=\"285\" height=\"1024\" src=\"http:\/\/www.verigo.hmcloud.pl\/wp-content\/uploads\/2025\/09\/spodnie-bluzka-285x1024.jpg\" alt=\"spodnie bluzka\" class=\"wp-image-252\" style=\"width:138px;height:auto\" srcset=\"https:\/\/www.verigo.hmcloud.pl\/wp-content\/uploads\/2025\/09\/spodnie-bluzka-285x1024.jpg 285w, https:\/\/www.verigo.hmcloud.pl\/wp-content\/uploads\/2025\/09\/spodnie-bluzka-768x2760.jpg 768w, https:\/\/www.verigo.hmcloud.pl\/wp-content\/uploads\/2025\/09\/spodnie-bluzka-427x1536.jpg 427w, https:\/\/www.verigo.hmcloud.pl\/wp-content\/uploads\/2025\/09\/spodnie-bluzka-570x2048.jpg 570w, https:\/\/www.verigo.hmcloud.pl\/wp-content\/uploads\/2025\/09\/spodnie-bluzka-scaled.jpg 712w\" sizes=\"auto, (max-width: 285px) 100vw, 285px\" \/><\/figure>\n<\/div>\n<\/div>\n\n\n\n<div class=\"wp-block-columns is-layout-flex wp-container-core-columns-is-layout-9d6595d7 wp-block-columns-is-layout-flex\">\n<div class=\"wp-block-column is-layout-flow wp-block-column-is-layout-flow\">\n<figure class=\"wp-block-image size-large\"><img loading=\"lazy\" decoding=\"async\" width=\"589\" height=\"1024\" src=\"http:\/\/www.verigo.hmcloud.pl\/wp-content\/uploads\/2025\/09\/spodnie-bluzka-5-589x1024.jpg\" alt=\"spodnie wiskoza\" class=\"wp-image-247\" srcset=\"https:\/\/www.verigo.hmcloud.pl\/wp-content\/uploads\/2025\/09\/spodnie-bluzka-5-589x1024.jpg 589w, https:\/\/www.verigo.hmcloud.pl\/wp-content\/uploads\/2025\/09\/spodnie-bluzka-5-173x300.jpg 173w, https:\/\/www.verigo.hmcloud.pl\/wp-content\/uploads\/2025\/09\/spodnie-bluzka-5-768x1336.jpg 768w, https:\/\/www.verigo.hmcloud.pl\/wp-content\/uploads\/2025\/09\/spodnie-bluzka-5-883x1536.jpg 883w, https:\/\/www.verigo.hmcloud.pl\/wp-content\/uploads\/2025\/09\/spodnie-bluzka-5.jpg 1150w\" sizes=\"auto, (max-width: 589px) 100vw, 589px\" \/><\/figure>\n<\/div>\n\n\n\n<div class=\"wp-block-column is-layout-flow wp-block-column-is-layout-flow\">\n<figure class=\"wp-block-image size-large\"><img loading=\"lazy\" decoding=\"async\" width=\"589\" height=\"1024\" src=\"http:\/\/www.verigo.hmcloud.pl\/wp-content\/uploads\/2025\/09\/spodnie-bluzka-4-589x1024.jpg\" alt=\"spodnie wiskoza\" class=\"wp-image-246\" srcset=\"https:\/\/www.verigo.hmcloud.pl\/wp-content\/uploads\/2025\/09\/spodnie-bluzka-4-589x1024.jpg 589w, https:\/\/www.verigo.hmcloud.pl\/wp-content\/uploads\/2025\/09\/spodnie-bluzka-4-173x300.jpg 173w, https:\/\/www.verigo.hmcloud.pl\/wp-content\/uploads\/2025\/09\/spodnie-bluzka-4-768x1336.jpg 768w, https:\/\/www.verigo.hmcloud.pl\/wp-content\/uploads\/2025\/09\/spodnie-bluzka-4-883x1536.jpg 883w, https:\/\/www.verigo.hmcloud.pl\/wp-content\/uploads\/2025\/09\/spodnie-bluzka-4.jpg 1150w\" sizes=\"auto, (max-width: 589px) 100vw, 589px\" \/><\/figure>\n<\/div>\n\n\n\n<div class=\"wp-block-column is-layout-flow wp-block-column-is-layout-flow\">\n<figure class=\"wp-block-image size-large is-resized\"><img loading=\"lazy\" decoding=\"async\" width=\"277\" height=\"1024\" src=\"http:\/\/www.verigo.hmcloud.pl\/wp-content\/uploads\/2025\/09\/spodnie-bluzka-2-277x1024.jpg\" alt=\"spodnie bluzka\" class=\"wp-image-244\" style=\"width:121px;height:auto\" srcset=\"https:\/\/www.verigo.hmcloud.pl\/wp-content\/uploads\/2025\/09\/spodnie-bluzka-2-277x1024.jpg 277w, https:\/\/www.verigo.hmcloud.pl\/wp-content\/uploads\/2025\/09\/spodnie-bluzka-2-81x300.jpg 81w, https:\/\/www.verigo.hmcloud.pl\/wp-content\/uploads\/2025\/09\/spodnie-bluzka-2-768x2842.jpg 768w, https:\/\/www.verigo.hmcloud.pl\/wp-content\/uploads\/2025\/09\/spodnie-bluzka-2-415x1536.jpg 415w, https:\/\/www.verigo.hmcloud.pl\/wp-content\/uploads\/2025\/09\/spodnie-bluzka-2-scaled.jpg 692w\" sizes=\"auto, (max-width: 277px) 100vw, 277px\" \/><\/figure>\n<\/div>\n<\/div>\n\n\n\n<div class=\"wp-block-columns is-layout-flex wp-container-core-columns-is-layout-9d6595d7 wp-block-columns-is-layout-flex\">\n<div class=\"wp-block-column is-layout-flow wp-block-column-is-layout-flow\">\n<figure class=\"wp-block-image size-large\"><img loading=\"lazy\" decoding=\"async\" width=\"589\" height=\"1024\" src=\"http:\/\/www.verigo.hmcloud.pl\/wp-content\/uploads\/2025\/09\/spodnie-3-589x1024.jpg\" alt=\"spodnie \" class=\"wp-image-243\" srcset=\"https:\/\/www.verigo.hmcloud.pl\/wp-content\/uploads\/2025\/09\/spodnie-3-589x1024.jpg 589w, https:\/\/www.verigo.hmcloud.pl\/wp-content\/uploads\/2025\/09\/spodnie-3-173x300.jpg 173w, https:\/\/www.verigo.hmcloud.pl\/wp-content\/uploads\/2025\/09\/spodnie-3-768x1336.jpg 768w, https:\/\/www.verigo.hmcloud.pl\/wp-content\/uploads\/2025\/09\/spodnie-3-883x1536.jpg 883w, https:\/\/www.verigo.hmcloud.pl\/wp-content\/uploads\/2025\/09\/spodnie-3.jpg 1150w\" sizes=\"auto, (max-width: 589px) 100vw, 589px\" \/><\/figure>\n<\/div>\n\n\n\n<div class=\"wp-block-column is-layout-flow wp-block-column-is-layout-flow\">\n<figure class=\"wp-block-image size-large\"><img loading=\"lazy\" decoding=\"async\" width=\"589\" height=\"1024\" src=\"http:\/\/www.verigo.hmcloud.pl\/wp-content\/uploads\/2025\/09\/spodnie-2-589x1024.jpg\" alt=\"spodnie\" class=\"wp-image-242\" srcset=\"https:\/\/www.verigo.hmcloud.pl\/wp-content\/uploads\/2025\/09\/spodnie-2-589x1024.jpg 589w, https:\/\/www.verigo.hmcloud.pl\/wp-content\/uploads\/2025\/09\/spodnie-2-173x300.jpg 173w, https:\/\/www.verigo.hmcloud.pl\/wp-content\/uploads\/2025\/09\/spodnie-2-768x1336.jpg 768w, https:\/\/www.verigo.hmcloud.pl\/wp-content\/uploads\/2025\/09\/spodnie-2-883x1536.jpg 883w, https:\/\/www.verigo.hmcloud.pl\/wp-content\/uploads\/2025\/09\/spodnie-2.jpg 1150w\" sizes=\"auto, (max-width: 589px) 100vw, 589px\" \/><\/figure>\n<\/div>\n<\/div>\n","protected":false},"excerpt":{"rendered":"<p>Nasze spodnie Nasze spodnie pasuj\u0105 na r\u00f3\u017cne typy sylwetek. W sklepie maj\u0105 one d\u0142u\u017csze nogawki, bo zak\u0142adamy, \u017ce ich d\u0142ugo\u015b\u0107 zawsze trzeba b\u0119dzie dopasowa\u0107 do d\u0142ugo\u015bci n\u00f3g lub do przyzwyczaje\u0144 klientki. Stosownie do sezonu szyjemy spodnie z we\u0142ny, wiskozy, bawe\u0142ny, lnu.<\/p>\n","protected":false},"author":1,"featured_media":0,"parent":47,"menu_order":0,"comment_status":"closed","ping_status":"closed","template":"","meta":{"footnotes":""},"class_list":["post-241","page","type-page","status-publish","hentry"],"_links":{"self":[{"href":"https:\/\/www.verigo.hmcloud.pl\/index.php\/wp-json\/wp\/v2\/pages\/241","targetHints":{"allow":["GET"]}}],"collection":[{"href":"https:\/\/www.verigo.hmcloud.pl\/index.php\/wp-json\/wp\/v2\/pages"}],"about":[{"href":"https:\/\/www.verigo.hmcloud.pl\/index.php\/wp-json\/wp\/v2\/types\/page"}],"author":[{"embeddable":true,"href":"https:\/\/www.verigo.hmcloud.pl\/index.php\/wp-json\/wp\/v2\/users\/1"}],"replies":[{"embeddable":true,"href":"https:\/\/www.verigo.hmcloud.pl\/index.php\/wp-json\/wp\/v2\/comments?post=241"}],"version-history":[{"count":5,"href":"https:\/\/www.verigo.hmcloud.pl\/index.php\/wp-json\/wp\/v2\/pages\/241\/revisions"}],"predecessor-version":[{"id":304,"href":"https:\/\/www.verigo.hmcloud.pl\/index.php\/wp-json\/wp\/v2\/pages\/241\/revisions\/304"}],"up":[{"embeddable":true,"href":"https:\/\/www.verigo.hmcloud.pl\/index.php\/wp-json\/wp\/v2\/pages\/47"}],"wp:attachment":[{"href":"https:\/\/www.verigo.hmcloud.pl\/index.php\/wp-json\/wp\/v2\/media?parent=241"}],"curies":[{"name":"wp","href":"https:\/\/api.w.org\/{rel}","templated":true}]}}