{"id":264,"date":"2025-09-16T12:23:01","date_gmt":"2025-09-16T12:23:01","guid":{"rendered":"http:\/\/www.verigo.hmcloud.pl\/?page_id=264"},"modified":"2025-09-17T03:45:57","modified_gmt":"2025-09-17T03:45:57","slug":"spodnice","status":"publish","type":"page","link":"https:\/\/www.verigo.hmcloud.pl\/index.php\/verigo-ubrania-gotowe\/spodnice\/","title":{"rendered":"sp\u00f3dnice"},"content":{"rendered":"\n<p class=\"has-larger-font-size\">Nasze sp\u00f3dnice<\/p>\n\n\n\n<p>Mamy w ofercie wiele modeli sp\u00f3dnic jak i pasuj\u0105cych do nich &#8222;g\u00f3r&#8221;, co pokazujemy na zdj\u0119ciach.<\/p>\n\n\n\n<div class=\"wp-block-columns is-layout-flex wp-container-core-columns-is-layout-9d6595d7 wp-block-columns-is-layout-flex\">\n<div class=\"wp-block-column is-layout-flow wp-block-column-is-layout-flow\">\n<figure class=\"wp-block-image size-large is-resized\"><img loading=\"lazy\" decoding=\"async\" width=\"291\" height=\"1024\" src=\"http:\/\/www.verigo.hmcloud.pl\/wp-content\/uploads\/2025\/09\/klasyczna-spodnica-i-bluzka-2-291x1024.jpg\" alt=\"sp\u00f3dnica wiskoza\" class=\"wp-image-265\" style=\"width:205px;height:auto\" srcset=\"https:\/\/www.verigo.hmcloud.pl\/wp-content\/uploads\/2025\/09\/klasyczna-spodnica-i-bluzka-2-291x1024.jpg 291w, https:\/\/www.verigo.hmcloud.pl\/wp-content\/uploads\/2025\/09\/klasyczna-spodnica-i-bluzka-2-85x300.jpg 85w, https:\/\/www.verigo.hmcloud.pl\/wp-content\/uploads\/2025\/09\/klasyczna-spodnica-i-bluzka-2-768x2702.jpg 768w, https:\/\/www.verigo.hmcloud.pl\/wp-content\/uploads\/2025\/09\/klasyczna-spodnica-i-bluzka-2-437x1536.jpg 437w, https:\/\/www.verigo.hmcloud.pl\/wp-content\/uploads\/2025\/09\/klasyczna-spodnica-i-bluzka-2-582x2048.jpg 582w, https:\/\/www.verigo.hmcloud.pl\/wp-content\/uploads\/2025\/09\/klasyczna-spodnica-i-bluzka-2-scaled.jpg 728w\" sizes=\"auto, (max-width: 291px) 100vw, 291px\" \/><\/figure>\n<\/div>\n\n\n\n<div class=\"wp-block-column is-layout-flow wp-block-column-is-layout-flow\">\n<figure class=\"wp-block-image size-large is-resized\"><img loading=\"lazy\" decoding=\"async\" width=\"362\" height=\"1024\" src=\"http:\/\/www.verigo.hmcloud.pl\/wp-content\/uploads\/2025\/09\/klasyczna-spodnica-i-bluzka-362x1024.jpg\" alt=\"sp\u00f3dnica we\u0142na\" class=\"wp-image-266\" style=\"width:228px;height:auto\" srcset=\"https:\/\/www.verigo.hmcloud.pl\/wp-content\/uploads\/2025\/09\/klasyczna-spodnica-i-bluzka-362x1024.jpg 362w, https:\/\/www.verigo.hmcloud.pl\/wp-content\/uploads\/2025\/09\/klasyczna-spodnica-i-bluzka-106x300.jpg 106w, https:\/\/www.verigo.hmcloud.pl\/wp-content\/uploads\/2025\/09\/klasyczna-spodnica-i-bluzka-543x1536.jpg 543w, https:\/\/www.verigo.hmcloud.pl\/wp-content\/uploads\/2025\/09\/klasyczna-spodnica-i-bluzka.jpg 690w\" sizes=\"auto, (max-width: 362px) 100vw, 362px\" \/><\/figure>\n<\/div>\n\n\n\n<div class=\"wp-block-column is-layout-flow wp-block-column-is-layout-flow\">\n<figure class=\"wp-block-image size-large is-resized\"><img loading=\"lazy\" decoding=\"async\" width=\"343\" height=\"1024\" src=\"http:\/\/www.verigo.hmcloud.pl\/wp-content\/uploads\/2025\/09\/spodnica-i-bluzka-2-343x1024.jpg\" alt=\"sp\u00f3dnica wiskoza\" class=\"wp-image-267\" style=\"width:226px;height:auto\" srcset=\"https:\/\/www.verigo.hmcloud.pl\/wp-content\/uploads\/2025\/09\/spodnica-i-bluzka-2-343x1024.jpg 343w, https:\/\/www.verigo.hmcloud.pl\/wp-content\/uploads\/2025\/09\/spodnica-i-bluzka-2-768x2291.jpg 768w, https:\/\/www.verigo.hmcloud.pl\/wp-content\/uploads\/2025\/09\/spodnica-i-bluzka-2-515x1536.jpg 515w, https:\/\/www.verigo.hmcloud.pl\/wp-content\/uploads\/2025\/09\/spodnica-i-bluzka-2-687x2048.jpg 687w, https:\/\/www.verigo.hmcloud.pl\/wp-content\/uploads\/2025\/09\/spodnica-i-bluzka-2-scaled.jpg 858w\" sizes=\"auto, (max-width: 343px) 100vw, 343px\" \/><\/figure>\n<\/div>\n<\/div>\n\n\n\n<div class=\"wp-block-columns is-layout-flex wp-container-core-columns-is-layout-9d6595d7 wp-block-columns-is-layout-flex\">\n<div class=\"wp-block-column is-layout-flow wp-block-column-is-layout-flow\">\n<figure class=\"wp-block-image size-large\"><img loading=\"lazy\" decoding=\"async\" width=\"589\" height=\"1024\" src=\"http:\/\/www.verigo.hmcloud.pl\/wp-content\/uploads\/2025\/09\/spodnica-i-bluzka-3-589x1024.jpg\" alt=\"sp\u00f3dnica wiskoza\" class=\"wp-image-268\" srcset=\"https:\/\/www.verigo.hmcloud.pl\/wp-content\/uploads\/2025\/09\/spodnica-i-bluzka-3-589x1024.jpg 589w, https:\/\/www.verigo.hmcloud.pl\/wp-content\/uploads\/2025\/09\/spodnica-i-bluzka-3-173x300.jpg 173w, https:\/\/www.verigo.hmcloud.pl\/wp-content\/uploads\/2025\/09\/spodnica-i-bluzka-3-768x1336.jpg 768w, https:\/\/www.verigo.hmcloud.pl\/wp-content\/uploads\/2025\/09\/spodnica-i-bluzka-3-883x1536.jpg 883w, https:\/\/www.verigo.hmcloud.pl\/wp-content\/uploads\/2025\/09\/spodnica-i-bluzka-3.jpg 1150w\" sizes=\"auto, (max-width: 589px) 100vw, 589px\" \/><\/figure>\n<\/div>\n\n\n\n<div class=\"wp-block-column is-layout-flow wp-block-column-is-layout-flow\">\n<figure class=\"wp-block-image size-large is-resized\"><img loading=\"lazy\" decoding=\"async\" width=\"292\" height=\"1024\" src=\"http:\/\/www.verigo.hmcloud.pl\/wp-content\/uploads\/2025\/09\/spodnica-i-bluzka-4-292x1024.jpg\" alt=\"sp\u00f3dnica wiskoza\" class=\"wp-image-269\" style=\"width:133px;height:auto\" srcset=\"https:\/\/www.verigo.hmcloud.pl\/wp-content\/uploads\/2025\/09\/spodnica-i-bluzka-4-292x1024.jpg 292w, https:\/\/www.verigo.hmcloud.pl\/wp-content\/uploads\/2025\/09\/spodnica-i-bluzka-4-scaled.jpg 731w\" sizes=\"auto, (max-width: 292px) 100vw, 292px\" \/><\/figure>\n<\/div>\n\n\n\n<div class=\"wp-block-column is-layout-flow wp-block-column-is-layout-flow\">\n<figure class=\"wp-block-image size-large is-resized\"><img loading=\"lazy\" decoding=\"async\" width=\"286\" height=\"1024\" src=\"http:\/\/www.verigo.hmcloud.pl\/wp-content\/uploads\/2025\/09\/spodnica-i-bluzka-5-286x1024.jpg\" alt=\"sp\u00f3dnica wiskoza\" class=\"wp-image-270\" style=\"width:134px;height:auto\" srcset=\"https:\/\/www.verigo.hmcloud.pl\/wp-content\/uploads\/2025\/09\/spodnica-i-bluzka-5-286x1024.jpg 286w, https:\/\/www.verigo.hmcloud.pl\/wp-content\/uploads\/2025\/09\/spodnica-i-bluzka-5-84x300.jpg 84w, https:\/\/www.verigo.hmcloud.pl\/wp-content\/uploads\/2025\/09\/spodnica-i-bluzka-5-scaled.jpg 716w\" sizes=\"auto, (max-width: 286px) 100vw, 286px\" \/><\/figure>\n<\/div>\n<\/div>\n\n\n\n<div class=\"wp-block-columns is-layout-flex wp-container-core-columns-is-layout-9d6595d7 wp-block-columns-is-layout-flex\">\n<div class=\"wp-block-column is-layout-flow wp-block-column-is-layout-flow\">\n<figure class=\"wp-block-image size-large is-resized\"><img loading=\"lazy\" decoding=\"async\" width=\"297\" height=\"1024\" src=\"http:\/\/www.verigo.hmcloud.pl\/wp-content\/uploads\/2025\/09\/spodnica-i-bluzka-297x1024.jpg\" alt=\"sp\u00f3dnica we\u0142na\" class=\"wp-image-271\" style=\"width:198px;height:auto\" srcset=\"https:\/\/www.verigo.hmcloud.pl\/wp-content\/uploads\/2025\/09\/spodnica-i-bluzka-297x1024.jpg 297w, https:\/\/www.verigo.hmcloud.pl\/wp-content\/uploads\/2025\/09\/spodnica-i-bluzka-87x300.jpg 87w, https:\/\/www.verigo.hmcloud.pl\/wp-content\/uploads\/2025\/09\/spodnica-i-bluzka-768x2650.jpg 768w, https:\/\/www.verigo.hmcloud.pl\/wp-content\/uploads\/2025\/09\/spodnica-i-bluzka-445x1536.jpg 445w, https:\/\/www.verigo.hmcloud.pl\/wp-content\/uploads\/2025\/09\/spodnica-i-bluzka-594x2048.jpg 594w, https:\/\/www.verigo.hmcloud.pl\/wp-content\/uploads\/2025\/09\/spodnica-i-bluzka-scaled.jpg 742w\" sizes=\"auto, (max-width: 297px) 100vw, 297px\" \/><\/figure>\n<\/div>\n\n\n\n<div class=\"wp-block-column is-layout-flow wp-block-column-is-layout-flow\">\n<figure class=\"wp-block-image size-large is-resized\"><img loading=\"lazy\" decoding=\"async\" width=\"329\" height=\"1024\" src=\"http:\/\/www.verigo.hmcloud.pl\/wp-content\/uploads\/2025\/09\/spodnica-i-zakiet-329x1024.jpg\" alt=\"sp\u00f3dnica bawe\u0142na\" class=\"wp-image-272\" style=\"width:216px;height:auto\" srcset=\"https:\/\/www.verigo.hmcloud.pl\/wp-content\/uploads\/2025\/09\/spodnica-i-zakiet-329x1024.jpg 329w, https:\/\/www.verigo.hmcloud.pl\/wp-content\/uploads\/2025\/09\/spodnica-i-zakiet-96x300.jpg 96w, https:\/\/www.verigo.hmcloud.pl\/wp-content\/uploads\/2025\/09\/spodnica-i-zakiet-768x2392.jpg 768w, https:\/\/www.verigo.hmcloud.pl\/wp-content\/uploads\/2025\/09\/spodnica-i-zakiet-493x1536.jpg 493w, https:\/\/www.verigo.hmcloud.pl\/wp-content\/uploads\/2025\/09\/spodnica-i-zakiet-658x2048.jpg 658w, https:\/\/www.verigo.hmcloud.pl\/wp-content\/uploads\/2025\/09\/spodnica-i-zakiet-scaled.jpg 822w\" sizes=\"auto, (max-width: 329px) 100vw, 329px\" \/><\/figure>\n<\/div>\n\n\n\n<div class=\"wp-block-column is-layout-flow wp-block-column-is-layout-flow\">\n<figure class=\"wp-block-image size-large is-resized\"><img loading=\"lazy\" decoding=\"async\" width=\"315\" height=\"1024\" src=\"http:\/\/www.verigo.hmcloud.pl\/wp-content\/uploads\/2025\/09\/spodnica-plisowana-i-zakiet-315x1024.jpg\" alt=\"sp\u00f3dnica we\u0142na plisowana\" class=\"wp-image-273\" style=\"width:206px;height:auto\" srcset=\"https:\/\/www.verigo.hmcloud.pl\/wp-content\/uploads\/2025\/09\/spodnica-plisowana-i-zakiet-315x1024.jpg 315w, https:\/\/www.verigo.hmcloud.pl\/wp-content\/uploads\/2025\/09\/spodnica-plisowana-i-zakiet-92x300.jpg 92w, https:\/\/www.verigo.hmcloud.pl\/wp-content\/uploads\/2025\/09\/spodnica-plisowana-i-zakiet-768x2495.jpg 768w, https:\/\/www.verigo.hmcloud.pl\/wp-content\/uploads\/2025\/09\/spodnica-plisowana-i-zakiet-473x1536.jpg 473w, https:\/\/www.verigo.hmcloud.pl\/wp-content\/uploads\/2025\/09\/spodnica-plisowana-i-zakiet-630x2048.jpg 630w, https:\/\/www.verigo.hmcloud.pl\/wp-content\/uploads\/2025\/09\/spodnica-plisowana-i-zakiet-scaled.jpg 788w\" sizes=\"auto, (max-width: 315px) 100vw, 315px\" \/><\/figure>\n<\/div>\n<\/div>\n\n\n\n<div class=\"wp-block-columns is-layout-flex wp-container-core-columns-is-layout-9d6595d7 wp-block-columns-is-layout-flex\">\n<div class=\"wp-block-column is-layout-flow wp-block-column-is-layout-flow\">\n<figure class=\"wp-block-image size-large\"><img loading=\"lazy\" decoding=\"async\" width=\"354\" height=\"1024\" src=\"http:\/\/www.verigo.hmcloud.pl\/wp-content\/uploads\/2025\/09\/spodnica-w-krate-i-bluzka-354x1024.jpg\" alt=\"sp\u00f3dnica bawe\u0142na \" class=\"wp-image-274\" srcset=\"https:\/\/www.verigo.hmcloud.pl\/wp-content\/uploads\/2025\/09\/spodnica-w-krate-i-bluzka-354x1024.jpg 354w, https:\/\/www.verigo.hmcloud.pl\/wp-content\/uploads\/2025\/09\/spodnica-w-krate-i-bluzka-104x300.jpg 104w, https:\/\/www.verigo.hmcloud.pl\/wp-content\/uploads\/2025\/09\/spodnica-w-krate-i-bluzka-768x2223.jpg 768w, https:\/\/www.verigo.hmcloud.pl\/wp-content\/uploads\/2025\/09\/spodnica-w-krate-i-bluzka-531x1536.jpg 531w, https:\/\/www.verigo.hmcloud.pl\/wp-content\/uploads\/2025\/09\/spodnica-w-krate-i-bluzka-707x2048.jpg 707w, https:\/\/www.verigo.hmcloud.pl\/wp-content\/uploads\/2025\/09\/spodnica-w-krate-i-bluzka-scaled.jpg 884w\" sizes=\"auto, (max-width: 354px) 100vw, 354px\" \/><\/figure>\n<\/div>\n\n\n\n<div class=\"wp-block-column is-layout-flow wp-block-column-is-layout-flow\">\n<figure class=\"wp-block-image size-large\"><img loading=\"lazy\" decoding=\"async\" width=\"416\" height=\"1024\" src=\"http:\/\/www.verigo.hmcloud.pl\/wp-content\/uploads\/2025\/09\/spodnica-w-szkocka-krate-i-zakiet-416x1024.jpg\" alt=\"sp\u00f3dnica we\u0142na\" class=\"wp-image-275\" srcset=\"https:\/\/www.verigo.hmcloud.pl\/wp-content\/uploads\/2025\/09\/spodnica-w-szkocka-krate-i-zakiet-416x1024.jpg 416w, https:\/\/www.verigo.hmcloud.pl\/wp-content\/uploads\/2025\/09\/spodnica-w-szkocka-krate-i-zakiet-122x300.jpg 122w, https:\/\/www.verigo.hmcloud.pl\/wp-content\/uploads\/2025\/09\/spodnica-w-szkocka-krate-i-zakiet-768x1892.jpg 768w, https:\/\/www.verigo.hmcloud.pl\/wp-content\/uploads\/2025\/09\/spodnica-w-szkocka-krate-i-zakiet-831x2048.jpg 831w, https:\/\/www.verigo.hmcloud.pl\/wp-content\/uploads\/2025\/09\/spodnica-w-szkocka-krate-i-zakiet.jpg 927w\" sizes=\"auto, (max-width: 416px) 100vw, 416px\" \/><\/figure>\n<\/div>\n<\/div>\n","protected":false},"excerpt":{"rendered":"<p>Nasze sp\u00f3dnice Mamy w ofercie wiele modeli sp\u00f3dnic jak i pasuj\u0105cych do nich &#8222;g\u00f3r&#8221;, co pokazujemy na zdj\u0119ciach.<\/p>\n","protected":false},"author":1,"featured_media":0,"parent":47,"menu_order":0,"comment_status":"closed","ping_status":"closed","template":"","meta":{"footnotes":""},"class_list":["post-264","page","type-page","status-publish","hentry"],"_links":{"self":[{"href":"https:\/\/www.verigo.hmcloud.pl\/index.php\/wp-json\/wp\/v2\/pages\/264","targetHints":{"allow":["GET"]}}],"collection":[{"href":"https:\/\/www.verigo.hmcloud.pl\/index.php\/wp-json\/wp\/v2\/pages"}],"about":[{"href":"https:\/\/www.verigo.hmcloud.pl\/index.php\/wp-json\/wp\/v2\/types\/page"}],"author":[{"embeddable":true,"href":"https:\/\/www.verigo.hmcloud.pl\/index.php\/wp-json\/wp\/v2\/users\/1"}],"replies":[{"embeddable":true,"href":"https:\/\/www.verigo.hmcloud.pl\/index.php\/wp-json\/wp\/v2\/comments?post=264"}],"version-history":[{"count":8,"href":"https:\/\/www.verigo.hmcloud.pl\/index.php\/wp-json\/wp\/v2\/pages\/264\/revisions"}],"predecessor-version":[{"id":302,"href":"https:\/\/www.verigo.hmcloud.pl\/index.php\/wp-json\/wp\/v2\/pages\/264\/revisions\/302"}],"up":[{"embeddable":true,"href":"https:\/\/www.verigo.hmcloud.pl\/index.php\/wp-json\/wp\/v2\/pages\/47"}],"wp:attachment":[{"href":"https:\/\/www.verigo.hmcloud.pl\/index.php\/wp-json\/wp\/v2\/media?parent=264"}],"curies":[{"name":"wp","href":"https:\/\/api.w.org\/{rel}","templated":true}]}}