{"id":305,"date":"2025-09-16T20:20:14","date_gmt":"2025-09-16T20:20:14","guid":{"rendered":"http:\/\/www.verigo.hmcloud.pl\/?page_id=305"},"modified":"2025-09-17T03:44:34","modified_gmt":"2025-09-17T03:44:34","slug":"bluzki-dzianinowe-jednobarwne","status":"publish","type":"page","link":"https:\/\/www.verigo.hmcloud.pl\/index.php\/verigo-ubrania-gotowe\/bluzki-dzianinowe-jednobarwne\/","title":{"rendered":"bluzki dzianinowe jednobarwne"},"content":{"rendered":"\n<p class=\"has-larger-font-size\">Bluzki dzianinowe jednobarwne &#8211; nasze modele<\/p>\n\n\n\n<p>Oferujemy szeroki asortyment bluzek z wysokiej jako\u015bci dzianin. Zach\u0119camy do obejrzenia ich w sklepie, bo jako\u015b\u0107 na prawd\u0119 wida\u0107.<\/p>\n\n\n\n<div class=\"wp-block-columns is-layout-flex wp-container-core-columns-is-layout-9d6595d7 wp-block-columns-is-layout-flex\">\n<div class=\"wp-block-column is-layout-flow wp-block-column-is-layout-flow\">\n<figure class=\"wp-block-image size-large is-resized\"><img loading=\"lazy\" decoding=\"async\" width=\"506\" height=\"1024\" src=\"http:\/\/www.verigo.hmcloud.pl\/wp-content\/uploads\/2025\/09\/bluzka-dzianowa-bez-rekawow-506x1024.jpg\" alt=\"bluzka dzianinowa\" class=\"wp-image-314\" style=\"width:220px;height:auto\" srcset=\"https:\/\/www.verigo.hmcloud.pl\/wp-content\/uploads\/2025\/09\/bluzka-dzianowa-bez-rekawow-506x1024.jpg 506w, https:\/\/www.verigo.hmcloud.pl\/wp-content\/uploads\/2025\/09\/bluzka-dzianowa-bez-rekawow-148x300.jpg 148w, https:\/\/www.verigo.hmcloud.pl\/wp-content\/uploads\/2025\/09\/bluzka-dzianowa-bez-rekawow-768x1555.jpg 768w, https:\/\/www.verigo.hmcloud.pl\/wp-content\/uploads\/2025\/09\/bluzka-dzianowa-bez-rekawow-758x1536.jpg 758w, https:\/\/www.verigo.hmcloud.pl\/wp-content\/uploads\/2025\/09\/bluzka-dzianowa-bez-rekawow-1011x2048.jpg 1011w, https:\/\/www.verigo.hmcloud.pl\/wp-content\/uploads\/2025\/09\/bluzka-dzianowa-bez-rekawow-scaled.jpg 1264w\" sizes=\"auto, (max-width: 506px) 100vw, 506px\" \/><\/figure>\n<\/div>\n\n\n\n<div class=\"wp-block-column is-layout-flow wp-block-column-is-layout-flow\">\n<figure class=\"wp-block-image size-large\"><img loading=\"lazy\" decoding=\"async\" width=\"589\" height=\"1024\" src=\"http:\/\/www.verigo.hmcloud.pl\/wp-content\/uploads\/2025\/09\/IMG_3651c-589x1024.jpg\" alt=\"bluzka dzianinowa z kr\u00f3tkim r\u0119kawem\" class=\"wp-image-309\" srcset=\"https:\/\/www.verigo.hmcloud.pl\/wp-content\/uploads\/2025\/09\/IMG_3651c-589x1024.jpg 589w, https:\/\/www.verigo.hmcloud.pl\/wp-content\/uploads\/2025\/09\/IMG_3651c-173x300.jpg 173w, https:\/\/www.verigo.hmcloud.pl\/wp-content\/uploads\/2025\/09\/IMG_3651c-768x1336.jpg 768w, https:\/\/www.verigo.hmcloud.pl\/wp-content\/uploads\/2025\/09\/IMG_3651c-883x1536.jpg 883w, https:\/\/www.verigo.hmcloud.pl\/wp-content\/uploads\/2025\/09\/IMG_3651c.jpg 1150w\" sizes=\"auto, (max-width: 589px) 100vw, 589px\" \/><\/figure>\n<\/div>\n\n\n\n<div class=\"wp-block-column is-layout-flow wp-block-column-is-layout-flow\">\n<figure class=\"wp-block-image size-large is-resized\"><img loading=\"lazy\" decoding=\"async\" width=\"487\" height=\"1024\" src=\"http:\/\/www.verigo.hmcloud.pl\/wp-content\/uploads\/2025\/09\/bluzka-czarna-z-dlugim-rekawem-487x1024.jpg\" alt=\"bluzka dzianinowa\" class=\"wp-image-310\" style=\"width:210px;height:auto\" srcset=\"https:\/\/www.verigo.hmcloud.pl\/wp-content\/uploads\/2025\/09\/bluzka-czarna-z-dlugim-rekawem-487x1024.jpg 487w, https:\/\/www.verigo.hmcloud.pl\/wp-content\/uploads\/2025\/09\/bluzka-czarna-z-dlugim-rekawem-143x300.jpg 143w, https:\/\/www.verigo.hmcloud.pl\/wp-content\/uploads\/2025\/09\/bluzka-czarna-z-dlugim-rekawem-768x1613.jpg 768w, https:\/\/www.verigo.hmcloud.pl\/wp-content\/uploads\/2025\/09\/bluzka-czarna-z-dlugim-rekawem-731x1536.jpg 731w, https:\/\/www.verigo.hmcloud.pl\/wp-content\/uploads\/2025\/09\/bluzka-czarna-z-dlugim-rekawem-975x2048.jpg 975w, https:\/\/www.verigo.hmcloud.pl\/wp-content\/uploads\/2025\/09\/bluzka-czarna-z-dlugim-rekawem-scaled.jpg 1219w\" sizes=\"auto, (max-width: 487px) 100vw, 487px\" \/><\/figure>\n<\/div>\n<\/div>\n\n\n\n<div class=\"wp-block-columns is-layout-flex wp-container-core-columns-is-layout-9d6595d7 wp-block-columns-is-layout-flex\">\n<div class=\"wp-block-column is-layout-flow wp-block-column-is-layout-flow\">\n<figure class=\"wp-block-image size-large is-resized\"><img loading=\"lazy\" decoding=\"async\" width=\"486\" height=\"1024\" src=\"http:\/\/www.verigo.hmcloud.pl\/wp-content\/uploads\/2025\/09\/bluzka-dzianinowa-ze-skrzdelkami-486x1024.png\" alt=\"bluzka dzianinowa\" class=\"wp-image-311\" style=\"width:215px;height:auto\" srcset=\"https:\/\/www.verigo.hmcloud.pl\/wp-content\/uploads\/2025\/09\/bluzka-dzianinowa-ze-skrzdelkami-486x1024.png 486w, https:\/\/www.verigo.hmcloud.pl\/wp-content\/uploads\/2025\/09\/bluzka-dzianinowa-ze-skrzdelkami-142x300.png 142w, https:\/\/www.verigo.hmcloud.pl\/wp-content\/uploads\/2025\/09\/bluzka-dzianinowa-ze-skrzdelkami-768x1619.png 768w, https:\/\/www.verigo.hmcloud.pl\/wp-content\/uploads\/2025\/09\/bluzka-dzianinowa-ze-skrzdelkami-729x1536.png 729w, https:\/\/www.verigo.hmcloud.pl\/wp-content\/uploads\/2025\/09\/bluzka-dzianinowa-ze-skrzdelkami.png 949w\" sizes=\"auto, (max-width: 486px) 100vw, 486px\" \/><\/figure>\n<\/div>\n\n\n\n<div class=\"wp-block-column is-layout-flow wp-block-column-is-layout-flow\">\n<figure class=\"wp-block-image size-large\"><img loading=\"lazy\" decoding=\"async\" width=\"589\" height=\"1024\" src=\"http:\/\/www.verigo.hmcloud.pl\/wp-content\/uploads\/2025\/09\/bluzka-dzianinowa-z-rekawem-2-589x1024.jpg\" alt=\"bluzka dzianinowa jednobarwna\" class=\"wp-image-312\" srcset=\"https:\/\/www.verigo.hmcloud.pl\/wp-content\/uploads\/2025\/09\/bluzka-dzianinowa-z-rekawem-2-589x1024.jpg 589w, https:\/\/www.verigo.hmcloud.pl\/wp-content\/uploads\/2025\/09\/bluzka-dzianinowa-z-rekawem-2-173x300.jpg 173w, https:\/\/www.verigo.hmcloud.pl\/wp-content\/uploads\/2025\/09\/bluzka-dzianinowa-z-rekawem-2-768x1336.jpg 768w, https:\/\/www.verigo.hmcloud.pl\/wp-content\/uploads\/2025\/09\/bluzka-dzianinowa-z-rekawem-2-883x1536.jpg 883w, https:\/\/www.verigo.hmcloud.pl\/wp-content\/uploads\/2025\/09\/bluzka-dzianinowa-z-rekawem-2.jpg 1150w\" sizes=\"auto, (max-width: 589px) 100vw, 589px\" \/><\/figure>\n<\/div>\n\n\n\n<div class=\"wp-block-column is-layout-flow wp-block-column-is-layout-flow\">\n<figure class=\"wp-block-image size-large is-resized\"><img loading=\"lazy\" decoding=\"async\" width=\"565\" height=\"1024\" src=\"http:\/\/www.verigo.hmcloud.pl\/wp-content\/uploads\/2025\/09\/IMG_3672c-565x1024.jpg\" alt=\"bluzka dzianinowa z r\u0119kawem\" class=\"wp-image-313\" style=\"width:240px;height:auto\" srcset=\"https:\/\/www.verigo.hmcloud.pl\/wp-content\/uploads\/2025\/09\/IMG_3672c-565x1024.jpg 565w, https:\/\/www.verigo.hmcloud.pl\/wp-content\/uploads\/2025\/09\/IMG_3672c-166x300.jpg 166w, https:\/\/www.verigo.hmcloud.pl\/wp-content\/uploads\/2025\/09\/IMG_3672c-768x1392.jpg 768w, https:\/\/www.verigo.hmcloud.pl\/wp-content\/uploads\/2025\/09\/IMG_3672c-848x1536.jpg 848w, https:\/\/www.verigo.hmcloud.pl\/wp-content\/uploads\/2025\/09\/IMG_3672c-1130x2048.jpg 1130w, https:\/\/www.verigo.hmcloud.pl\/wp-content\/uploads\/2025\/09\/IMG_3672c-scaled.jpg 1413w\" sizes=\"auto, (max-width: 565px) 100vw, 565px\" \/><\/figure>\n<\/div>\n<\/div>\n","protected":false},"excerpt":{"rendered":"<p>Bluzki dzianinowe jednobarwne &#8211; nasze modele Oferujemy szeroki asortyment bluzek z wysokiej jako\u015bci dzianin. Zach\u0119camy do obejrzenia ich w sklepie, bo jako\u015b\u0107 na prawd\u0119 wida\u0107.<\/p>\n","protected":false},"author":1,"featured_media":0,"parent":47,"menu_order":0,"comment_status":"closed","ping_status":"closed","template":"","meta":{"footnotes":""},"class_list":["post-305","page","type-page","status-publish","hentry"],"_links":{"self":[{"href":"https:\/\/www.verigo.hmcloud.pl\/index.php\/wp-json\/wp\/v2\/pages\/305","targetHints":{"allow":["GET"]}}],"collection":[{"href":"https:\/\/www.verigo.hmcloud.pl\/index.php\/wp-json\/wp\/v2\/pages"}],"about":[{"href":"https:\/\/www.verigo.hmcloud.pl\/index.php\/wp-json\/wp\/v2\/types\/page"}],"author":[{"embeddable":true,"href":"https:\/\/www.verigo.hmcloud.pl\/index.php\/wp-json\/wp\/v2\/users\/1"}],"replies":[{"embeddable":true,"href":"https:\/\/www.verigo.hmcloud.pl\/index.php\/wp-json\/wp\/v2\/comments?post=305"}],"version-history":[{"count":2,"href":"https:\/\/www.verigo.hmcloud.pl\/index.php\/wp-json\/wp\/v2\/pages\/305\/revisions"}],"predecessor-version":[{"id":315,"href":"https:\/\/www.verigo.hmcloud.pl\/index.php\/wp-json\/wp\/v2\/pages\/305\/revisions\/315"}],"up":[{"embeddable":true,"href":"https:\/\/www.verigo.hmcloud.pl\/index.php\/wp-json\/wp\/v2\/pages\/47"}],"wp:attachment":[{"href":"https:\/\/www.verigo.hmcloud.pl\/index.php\/wp-json\/wp\/v2\/media?parent=305"}],"curies":[{"name":"wp","href":"https:\/\/api.w.org\/{rel}","templated":true}]}}