{"id":317,"date":"2025-09-17T08:13:24","date_gmt":"2025-09-17T08:13:24","guid":{"rendered":"http:\/\/www.verigo.hmcloud.pl\/?page_id=317"},"modified":"2025-09-17T20:18:27","modified_gmt":"2025-09-17T20:18:27","slug":"bluzki-wielobarwne","status":"publish","type":"page","link":"https:\/\/www.verigo.hmcloud.pl\/index.php\/verigo-ubrania-gotowe\/bluzki-wielobarwne\/","title":{"rendered":"bluzki wielobarwne"},"content":{"rendered":"\n<p class=\"has-larger-font-size\">Bluzki wielobarwne- przyk\u0142ady<\/p>\n\n\n\n<div class=\"wp-block-columns is-layout-flex wp-container-core-columns-is-layout-9d6595d7 wp-block-columns-is-layout-flex\">\n<div class=\"wp-block-column is-layout-flow wp-block-column-is-layout-flow\">\n<figure class=\"wp-block-image size-large\"><img loading=\"lazy\" decoding=\"async\" width=\"510\" height=\"1024\" src=\"http:\/\/www.verigo.hmcloud.pl\/wp-content\/uploads\/2025\/09\/bluzka-we-wzory-6-510x1024.jpg\" alt=\"bluzka wiskoza wzorzysta\" class=\"wp-image-318\" srcset=\"https:\/\/www.verigo.hmcloud.pl\/wp-content\/uploads\/2025\/09\/bluzka-we-wzory-6-510x1024.jpg 510w, https:\/\/www.verigo.hmcloud.pl\/wp-content\/uploads\/2025\/09\/bluzka-we-wzory-6-150x300.jpg 150w, https:\/\/www.verigo.hmcloud.pl\/wp-content\/uploads\/2025\/09\/bluzka-we-wzory-6-768x1541.jpg 768w, https:\/\/www.verigo.hmcloud.pl\/wp-content\/uploads\/2025\/09\/bluzka-we-wzory-6-766x1536.jpg 766w, https:\/\/www.verigo.hmcloud.pl\/wp-content\/uploads\/2025\/09\/bluzka-we-wzory-6-1021x2048.jpg 1021w, https:\/\/www.verigo.hmcloud.pl\/wp-content\/uploads\/2025\/09\/bluzka-we-wzory-6-scaled.jpg 1276w\" sizes=\"auto, (max-width: 510px) 100vw, 510px\" \/><\/figure>\n<\/div>\n\n\n\n<div class=\"wp-block-column is-layout-flow wp-block-column-is-layout-flow\">\n<figure class=\"wp-block-image size-large\"><img loading=\"lazy\" decoding=\"async\" width=\"539\" height=\"1024\" src=\"http:\/\/www.verigo.hmcloud.pl\/wp-content\/uploads\/2025\/09\/bluzka-tunika-2-539x1024.jpg\" alt=\"bluzka tunika wiskoza\" class=\"wp-image-319\" srcset=\"https:\/\/www.verigo.hmcloud.pl\/wp-content\/uploads\/2025\/09\/bluzka-tunika-2-539x1024.jpg 539w, https:\/\/www.verigo.hmcloud.pl\/wp-content\/uploads\/2025\/09\/bluzka-tunika-2-158x300.jpg 158w, https:\/\/www.verigo.hmcloud.pl\/wp-content\/uploads\/2025\/09\/bluzka-tunika-2-768x1460.jpg 768w, https:\/\/www.verigo.hmcloud.pl\/wp-content\/uploads\/2025\/09\/bluzka-tunika-2-808x1536.jpg 808w, https:\/\/www.verigo.hmcloud.pl\/wp-content\/uploads\/2025\/09\/bluzka-tunika-2-1078x2048.jpg 1078w, https:\/\/www.verigo.hmcloud.pl\/wp-content\/uploads\/2025\/09\/bluzka-tunika-2-scaled.jpg 1347w\" sizes=\"auto, (max-width: 539px) 100vw, 539px\" \/><\/figure>\n<\/div>\n\n\n\n<div class=\"wp-block-column is-layout-flow wp-block-column-is-layout-flow\">\n<figure class=\"wp-block-image size-large\"><img loading=\"lazy\" decoding=\"async\" width=\"524\" height=\"1024\" src=\"http:\/\/www.verigo.hmcloud.pl\/wp-content\/uploads\/2025\/09\/bluzka-tunika-524x1024.jpg\" alt=\"bluzka tunika\" class=\"wp-image-320\" srcset=\"https:\/\/www.verigo.hmcloud.pl\/wp-content\/uploads\/2025\/09\/bluzka-tunika-524x1024.jpg 524w, https:\/\/www.verigo.hmcloud.pl\/wp-content\/uploads\/2025\/09\/bluzka-tunika-154x300.jpg 154w, https:\/\/www.verigo.hmcloud.pl\/wp-content\/uploads\/2025\/09\/bluzka-tunika-768x1501.jpg 768w, https:\/\/www.verigo.hmcloud.pl\/wp-content\/uploads\/2025\/09\/bluzka-tunika-786x1536.jpg 786w, https:\/\/www.verigo.hmcloud.pl\/wp-content\/uploads\/2025\/09\/bluzka-tunika-1048x2048.jpg 1048w, https:\/\/www.verigo.hmcloud.pl\/wp-content\/uploads\/2025\/09\/bluzka-tunika-scaled.jpg 1310w\" sizes=\"auto, (max-width: 524px) 100vw, 524px\" \/><\/figure>\n\n\n\n<div class=\"wp-block-columns is-layout-flex wp-container-core-columns-is-layout-9d6595d7 wp-block-columns-is-layout-flex\">\n<div class=\"wp-block-column is-layout-flow wp-block-column-is-layout-flow\"><\/div>\n\n\n\n<div class=\"wp-block-column is-layout-flow wp-block-column-is-layout-flow\"><\/div>\n\n\n\n<div class=\"wp-block-column is-layout-flow wp-block-column-is-layout-flow\"><\/div>\n<\/div>\n<\/div>\n<\/div>\n\n\n\n<div class=\"wp-block-columns is-layout-flex wp-container-core-columns-is-layout-9d6595d7 wp-block-columns-is-layout-flex\">\n<div class=\"wp-block-column is-layout-flow wp-block-column-is-layout-flow\">\n<figure class=\"wp-block-image size-large\"><img loading=\"lazy\" decoding=\"async\" width=\"524\" height=\"1024\" src=\"http:\/\/www.verigo.hmcloud.pl\/wp-content\/uploads\/2025\/09\/bluzka-w-kwiaty-2-524x1024.jpg\" alt=\"\" class=\"wp-image-321\" srcset=\"https:\/\/www.verigo.hmcloud.pl\/wp-content\/uploads\/2025\/09\/bluzka-w-kwiaty-2-524x1024.jpg 524w, https:\/\/www.verigo.hmcloud.pl\/wp-content\/uploads\/2025\/09\/bluzka-w-kwiaty-2-153x300.jpg 153w, https:\/\/www.verigo.hmcloud.pl\/wp-content\/uploads\/2025\/09\/bluzka-w-kwiaty-2-768x1501.jpg 768w, https:\/\/www.verigo.hmcloud.pl\/wp-content\/uploads\/2025\/09\/bluzka-w-kwiaty-2-786x1536.jpg 786w, https:\/\/www.verigo.hmcloud.pl\/wp-content\/uploads\/2025\/09\/bluzka-w-kwiaty-2-1048x2048.jpg 1048w, https:\/\/www.verigo.hmcloud.pl\/wp-content\/uploads\/2025\/09\/bluzka-w-kwiaty-2-scaled.jpg 1310w\" sizes=\"auto, (max-width: 524px) 100vw, 524px\" \/><\/figure>\n<\/div>\n\n\n\n<div class=\"wp-block-column is-layout-flow wp-block-column-is-layout-flow\">\n<figure class=\"wp-block-image size-large\"><img loading=\"lazy\" decoding=\"async\" width=\"603\" height=\"1024\" src=\"http:\/\/www.verigo.hmcloud.pl\/wp-content\/uploads\/2025\/09\/bluzka-w-kwiaty-603x1024.jpg\" alt=\"\" class=\"wp-image-322\" srcset=\"https:\/\/www.verigo.hmcloud.pl\/wp-content\/uploads\/2025\/09\/bluzka-w-kwiaty-603x1024.jpg 603w, https:\/\/www.verigo.hmcloud.pl\/wp-content\/uploads\/2025\/09\/bluzka-w-kwiaty-177x300.jpg 177w, https:\/\/www.verigo.hmcloud.pl\/wp-content\/uploads\/2025\/09\/bluzka-w-kwiaty-768x1304.jpg 768w, https:\/\/www.verigo.hmcloud.pl\/wp-content\/uploads\/2025\/09\/bluzka-w-kwiaty-905x1536.jpg 905w, https:\/\/www.verigo.hmcloud.pl\/wp-content\/uploads\/2025\/09\/bluzka-w-kwiaty-1206x2048.jpg 1206w, https:\/\/www.verigo.hmcloud.pl\/wp-content\/uploads\/2025\/09\/bluzka-w-kwiaty.jpg 1212w\" sizes=\"auto, (max-width: 603px) 100vw, 603px\" \/><\/figure>\n<\/div>\n\n\n\n<div class=\"wp-block-column is-layout-flow wp-block-column-is-layout-flow\">\n<figure class=\"wp-block-image size-large\"><img loading=\"lazy\" decoding=\"async\" width=\"595\" height=\"1024\" src=\"http:\/\/www.verigo.hmcloud.pl\/wp-content\/uploads\/2025\/09\/bluzka-we-wzory-2-595x1024.jpg\" alt=\"bluzka wiskoza wzorzysta\" class=\"wp-image-323\" srcset=\"https:\/\/www.verigo.hmcloud.pl\/wp-content\/uploads\/2025\/09\/bluzka-we-wzory-2-595x1024.jpg 595w, https:\/\/www.verigo.hmcloud.pl\/wp-content\/uploads\/2025\/09\/bluzka-we-wzory-2-174x300.jpg 174w, https:\/\/www.verigo.hmcloud.pl\/wp-content\/uploads\/2025\/09\/bluzka-we-wzory-2-768x1322.jpg 768w, https:\/\/www.verigo.hmcloud.pl\/wp-content\/uploads\/2025\/09\/bluzka-we-wzory-2-892x1536.jpg 892w, https:\/\/www.verigo.hmcloud.pl\/wp-content\/uploads\/2025\/09\/bluzka-we-wzory-2-1190x2048.jpg 1190w, https:\/\/www.verigo.hmcloud.pl\/wp-content\/uploads\/2025\/09\/bluzka-we-wzory-2-scaled.jpg 1487w\" sizes=\"auto, (max-width: 595px) 100vw, 595px\" \/><\/figure>\n<\/div>\n<\/div>\n\n\n\n<div class=\"wp-block-columns is-layout-flex wp-container-core-columns-is-layout-9d6595d7 wp-block-columns-is-layout-flex\">\n<div class=\"wp-block-column is-layout-flow wp-block-column-is-layout-flow\">\n<figure class=\"wp-block-image size-large is-resized\"><img loading=\"lazy\" decoding=\"async\" width=\"536\" height=\"1024\" src=\"http:\/\/www.verigo.hmcloud.pl\/wp-content\/uploads\/2025\/09\/bluzka-we-wzory-3-536x1024.jpg\" alt=\"bluzka z r\u0119kawem\" class=\"wp-image-324\" style=\"width:236px;height:auto\" srcset=\"https:\/\/www.verigo.hmcloud.pl\/wp-content\/uploads\/2025\/09\/bluzka-we-wzory-3-536x1024.jpg 536w, https:\/\/www.verigo.hmcloud.pl\/wp-content\/uploads\/2025\/09\/bluzka-we-wzory-3-157x300.jpg 157w, https:\/\/www.verigo.hmcloud.pl\/wp-content\/uploads\/2025\/09\/bluzka-we-wzory-3-768x1467.jpg 768w, https:\/\/www.verigo.hmcloud.pl\/wp-content\/uploads\/2025\/09\/bluzka-we-wzory-3-804x1536.jpg 804w, https:\/\/www.verigo.hmcloud.pl\/wp-content\/uploads\/2025\/09\/bluzka-we-wzory-3-1072x2048.jpg 1072w, https:\/\/www.verigo.hmcloud.pl\/wp-content\/uploads\/2025\/09\/bluzka-we-wzory-3-scaled.jpg 1340w\" sizes=\"auto, (max-width: 536px) 100vw, 536px\" \/><\/figure>\n<\/div>\n\n\n\n<div class=\"wp-block-column is-layout-flow wp-block-column-is-layout-flow\">\n<figure class=\"wp-block-image size-large\"><img loading=\"lazy\" decoding=\"async\" width=\"589\" height=\"1024\" src=\"http:\/\/www.verigo.hmcloud.pl\/wp-content\/uploads\/2025\/09\/bluzka-we-wzory-4-589x1024.jpg\" alt=\"\" class=\"wp-image-325\" srcset=\"https:\/\/www.verigo.hmcloud.pl\/wp-content\/uploads\/2025\/09\/bluzka-we-wzory-4-589x1024.jpg 589w, https:\/\/www.verigo.hmcloud.pl\/wp-content\/uploads\/2025\/09\/bluzka-we-wzory-4-173x300.jpg 173w, https:\/\/www.verigo.hmcloud.pl\/wp-content\/uploads\/2025\/09\/bluzka-we-wzory-4-768x1336.jpg 768w, https:\/\/www.verigo.hmcloud.pl\/wp-content\/uploads\/2025\/09\/bluzka-we-wzory-4-883x1536.jpg 883w, https:\/\/www.verigo.hmcloud.pl\/wp-content\/uploads\/2025\/09\/bluzka-we-wzory-4.jpg 1150w\" sizes=\"auto, (max-width: 589px) 100vw, 589px\" \/><\/figure>\n\n\n\n<div class=\"wp-block-columns is-layout-flex wp-container-core-columns-is-layout-9d6595d7 wp-block-columns-is-layout-flex\">\n<div class=\"wp-block-column is-layout-flow wp-block-column-is-layout-flow\">\n<div class=\"wp-block-columns is-layout-flex wp-container-core-columns-is-layout-9d6595d7 wp-block-columns-is-layout-flex\">\n<div class=\"wp-block-column is-layout-flow wp-block-column-is-layout-flow\"><\/div>\n<\/div>\n<\/div>\n\n\n\n<div class=\"wp-block-column is-layout-flow wp-block-column-is-layout-flow\"><\/div>\n\n\n\n<div class=\"wp-block-column is-layout-flow wp-block-column-is-layout-flow\"><\/div>\n\n\n\n<div class=\"wp-block-column is-layout-flow wp-block-column-is-layout-flow\"><\/div>\n<\/div>\n<\/div>\n\n\n\n<div class=\"wp-block-column is-layout-flow wp-block-column-is-layout-flow\">\n<figure class=\"wp-block-image size-large\"><img loading=\"lazy\" decoding=\"async\" width=\"589\" height=\"1024\" src=\"http:\/\/www.verigo.hmcloud.pl\/wp-content\/uploads\/2025\/09\/bluzka-we-wzory-5-589x1024.jpg\" alt=\"bluzka we wzory wiskoza\" class=\"wp-image-326\" srcset=\"https:\/\/www.verigo.hmcloud.pl\/wp-content\/uploads\/2025\/09\/bluzka-we-wzory-5-589x1024.jpg 589w, https:\/\/www.verigo.hmcloud.pl\/wp-content\/uploads\/2025\/09\/bluzka-we-wzory-5-173x300.jpg 173w, https:\/\/www.verigo.hmcloud.pl\/wp-content\/uploads\/2025\/09\/bluzka-we-wzory-5-768x1336.jpg 768w, https:\/\/www.verigo.hmcloud.pl\/wp-content\/uploads\/2025\/09\/bluzka-we-wzory-5-883x1536.jpg 883w, https:\/\/www.verigo.hmcloud.pl\/wp-content\/uploads\/2025\/09\/bluzka-we-wzory-5.jpg 1150w\" sizes=\"auto, (max-width: 589px) 100vw, 589px\" \/><\/figure>\n<\/div>\n<\/div>\n\n\n\n<div class=\"wp-block-columns is-layout-flex wp-container-core-columns-is-layout-9d6595d7 wp-block-columns-is-layout-flex\">\n<div class=\"wp-block-column is-layout-flow wp-block-column-is-layout-flow\">\n<figure class=\"wp-block-image size-large is-resized\"><img loading=\"lazy\" decoding=\"async\" width=\"491\" height=\"1024\" src=\"http:\/\/www.verigo.hmcloud.pl\/wp-content\/uploads\/2025\/09\/bluzka-we-wzory-z-falbana-491x1024.jpg\" alt=\"bluzka z falbank\u0105\" class=\"wp-image-327\" style=\"width:243px;height:auto\" srcset=\"https:\/\/www.verigo.hmcloud.pl\/wp-content\/uploads\/2025\/09\/bluzka-we-wzory-z-falbana-491x1024.jpg 491w, https:\/\/www.verigo.hmcloud.pl\/wp-content\/uploads\/2025\/09\/bluzka-we-wzory-z-falbana-144x300.jpg 144w, https:\/\/www.verigo.hmcloud.pl\/wp-content\/uploads\/2025\/09\/bluzka-we-wzory-z-falbana-768x1602.jpg 768w, https:\/\/www.verigo.hmcloud.pl\/wp-content\/uploads\/2025\/09\/bluzka-we-wzory-z-falbana-736x1536.jpg 736w, https:\/\/www.verigo.hmcloud.pl\/wp-content\/uploads\/2025\/09\/bluzka-we-wzory-z-falbana-982x2048.jpg 982w, https:\/\/www.verigo.hmcloud.pl\/wp-content\/uploads\/2025\/09\/bluzka-we-wzory-z-falbana-scaled.jpg 1227w\" sizes=\"auto, (max-width: 491px) 100vw, 491px\" \/><\/figure>\n<\/div>\n\n\n\n<div class=\"wp-block-column is-layout-flow wp-block-column-is-layout-flow\">\n<figure class=\"wp-block-image size-large\"><img loading=\"lazy\" decoding=\"async\" width=\"549\" height=\"1024\" src=\"http:\/\/www.verigo.hmcloud.pl\/wp-content\/uploads\/2025\/09\/bluzka-we-wzory-549x1024.jpg\" alt=\"bluzka we wzory\" class=\"wp-image-328\" srcset=\"https:\/\/www.verigo.hmcloud.pl\/wp-content\/uploads\/2025\/09\/bluzka-we-wzory-549x1024.jpg 549w, https:\/\/www.verigo.hmcloud.pl\/wp-content\/uploads\/2025\/09\/bluzka-we-wzory-161x300.jpg 161w, https:\/\/www.verigo.hmcloud.pl\/wp-content\/uploads\/2025\/09\/bluzka-we-wzory-768x1434.jpg 768w, https:\/\/www.verigo.hmcloud.pl\/wp-content\/uploads\/2025\/09\/bluzka-we-wzory-823x1536.jpg 823w, https:\/\/www.verigo.hmcloud.pl\/wp-content\/uploads\/2025\/09\/bluzka-we-wzory-1097x2048.jpg 1097w, https:\/\/www.verigo.hmcloud.pl\/wp-content\/uploads\/2025\/09\/bluzka-we-wzory.jpg 1185w\" sizes=\"auto, (max-width: 549px) 100vw, 549px\" \/><\/figure>\n<\/div>\n\n\n\n<div class=\"wp-block-column is-layout-flow wp-block-column-is-layout-flow\">\n<figure class=\"wp-block-image size-large\"><img loading=\"lazy\" decoding=\"async\" width=\"589\" height=\"1024\" src=\"http:\/\/www.verigo.hmcloud.pl\/wp-content\/uploads\/2025\/09\/bluzka-ze-skrzydelkami-589x1024.jpg\" alt=\"bluzka we wzory wiskoza\" class=\"wp-image-329\" srcset=\"https:\/\/www.verigo.hmcloud.pl\/wp-content\/uploads\/2025\/09\/bluzka-ze-skrzydelkami-589x1024.jpg 589w, https:\/\/www.verigo.hmcloud.pl\/wp-content\/uploads\/2025\/09\/bluzka-ze-skrzydelkami-173x300.jpg 173w, https:\/\/www.verigo.hmcloud.pl\/wp-content\/uploads\/2025\/09\/bluzka-ze-skrzydelkami-768x1336.jpg 768w, https:\/\/www.verigo.hmcloud.pl\/wp-content\/uploads\/2025\/09\/bluzka-ze-skrzydelkami-883x1536.jpg 883w, https:\/\/www.verigo.hmcloud.pl\/wp-content\/uploads\/2025\/09\/bluzka-ze-skrzydelkami.jpg 1150w\" sizes=\"auto, (max-width: 589px) 100vw, 589px\" \/><\/figure>\n<\/div>\n<\/div>\n\n\n\n<p>To s\u0105 przyk\u0142ady naszych bluzek. Wszystkie s\u0105 przez nas szyte z najlepszych dost\u0119pnych materia\u0142\u00f3w. Najcz\u0119\u015bciej szyjemy po jednej bluzce w rozmiarze. Zapraszamy te\u017c na nasz\u0105 stron\u0119 na facebook&#8217;u -ikonka na dole strony.<\/p>\n","protected":false},"excerpt":{"rendered":"<p>Bluzki wielobarwne- przyk\u0142ady To s\u0105 przyk\u0142ady naszych bluzek. Wszystkie s\u0105 przez nas szyte z najlepszych dost\u0119pnych materia\u0142\u00f3w. Najcz\u0119\u015bciej szyjemy po jednej bluzce w rozmiarze. Zapraszamy te\u017c na nasz\u0105 stron\u0119 na facebook&#8217;u -ikonka na dole strony.<\/p>\n","protected":false},"author":1,"featured_media":0,"parent":47,"menu_order":0,"comment_status":"closed","ping_status":"closed","template":"","meta":{"footnotes":""},"class_list":["post-317","page","type-page","status-publish","hentry"],"_links":{"self":[{"href":"https:\/\/www.verigo.hmcloud.pl\/index.php\/wp-json\/wp\/v2\/pages\/317","targetHints":{"allow":["GET"]}}],"collection":[{"href":"https:\/\/www.verigo.hmcloud.pl\/index.php\/wp-json\/wp\/v2\/pages"}],"about":[{"href":"https:\/\/www.verigo.hmcloud.pl\/index.php\/wp-json\/wp\/v2\/types\/page"}],"author":[{"embeddable":true,"href":"https:\/\/www.verigo.hmcloud.pl\/index.php\/wp-json\/wp\/v2\/users\/1"}],"replies":[{"embeddable":true,"href":"https:\/\/www.verigo.hmcloud.pl\/index.php\/wp-json\/wp\/v2\/comments?post=317"}],"version-history":[{"count":4,"href":"https:\/\/www.verigo.hmcloud.pl\/index.php\/wp-json\/wp\/v2\/pages\/317\/revisions"}],"predecessor-version":[{"id":368,"href":"https:\/\/www.verigo.hmcloud.pl\/index.php\/wp-json\/wp\/v2\/pages\/317\/revisions\/368"}],"up":[{"embeddable":true,"href":"https:\/\/www.verigo.hmcloud.pl\/index.php\/wp-json\/wp\/v2\/pages\/47"}],"wp:attachment":[{"href":"https:\/\/www.verigo.hmcloud.pl\/index.php\/wp-json\/wp\/v2\/media?parent=317"}],"curies":[{"name":"wp","href":"https:\/\/api.w.org\/{rel}","templated":true}]}}