{"id":383,"date":"2025-09-18T03:50:23","date_gmt":"2025-09-18T03:50:23","guid":{"rendered":"http:\/\/www.verigo.hmcloud.pl\/?page_id=383"},"modified":"2025-09-19T09:43:51","modified_gmt":"2025-09-19T09:43:51","slug":"kostiumy","status":"publish","type":"page","link":"https:\/\/www.verigo.hmcloud.pl\/index.php\/verigo-ubrania-gotowe\/kostiumy\/","title":{"rendered":"kostiumy"},"content":{"rendered":"\n<p>Kostiumy-kilka przyk\u0142ad\u00f3w.  <\/p>\n\n\n\n<div class=\"wp-block-columns is-layout-flex wp-container-core-columns-is-layout-9d6595d7 wp-block-columns-is-layout-flex\">\n<div class=\"wp-block-column is-layout-flow wp-block-column-is-layout-flow\">\n<figure class=\"wp-block-image size-large is-resized\"><img loading=\"lazy\" decoding=\"async\" width=\"589\" height=\"1024\" src=\"http:\/\/www.verigo.hmcloud.pl\/wp-content\/uploads\/2025\/09\/IMG_2572-589x1024.jpg\" alt=\"kostium\" class=\"wp-image-384\" style=\"width:354px;height:auto\" srcset=\"https:\/\/www.verigo.hmcloud.pl\/wp-content\/uploads\/2025\/09\/IMG_2572-589x1024.jpg 589w, https:\/\/www.verigo.hmcloud.pl\/wp-content\/uploads\/2025\/09\/IMG_2572-173x300.jpg 173w, https:\/\/www.verigo.hmcloud.pl\/wp-content\/uploads\/2025\/09\/IMG_2572-768x1336.jpg 768w, https:\/\/www.verigo.hmcloud.pl\/wp-content\/uploads\/2025\/09\/IMG_2572-883x1536.jpg 883w, https:\/\/www.verigo.hmcloud.pl\/wp-content\/uploads\/2025\/09\/IMG_2572.jpg 1150w\" sizes=\"auto, (max-width: 589px) 100vw, 589px\" \/><\/figure>\n<\/div>\n\n\n\n<div class=\"wp-block-column is-layout-flow wp-block-column-is-layout-flow\">\n<figure class=\"wp-block-image size-large is-resized\"><img loading=\"lazy\" decoding=\"async\" width=\"349\" height=\"1024\" src=\"http:\/\/www.verigo.hmcloud.pl\/wp-content\/uploads\/2025\/09\/IMG_2682-349x1024.jpg\" alt=\"kostium\" class=\"wp-image-385\" style=\"width:209px;height:auto\" srcset=\"https:\/\/www.verigo.hmcloud.pl\/wp-content\/uploads\/2025\/09\/IMG_2682-349x1024.jpg 349w, https:\/\/www.verigo.hmcloud.pl\/wp-content\/uploads\/2025\/09\/IMG_2682-102x300.jpg 102w, https:\/\/www.verigo.hmcloud.pl\/wp-content\/uploads\/2025\/09\/IMG_2682-523x1536.jpg 523w, https:\/\/www.verigo.hmcloud.pl\/wp-content\/uploads\/2025\/09\/IMG_2682.jpg 662w\" sizes=\"auto, (max-width: 349px) 100vw, 349px\" \/><\/figure>\n<\/div>\n<\/div>\n\n\n\n<div class=\"wp-block-columns is-layout-flex wp-container-core-columns-is-layout-9d6595d7 wp-block-columns-is-layout-flex\">\n<div class=\"wp-block-column is-layout-flow wp-block-column-is-layout-flow\">\n<figure class=\"wp-block-image size-large is-resized\"><img loading=\"lazy\" decoding=\"async\" width=\"403\" height=\"1024\" src=\"http:\/\/www.verigo.hmcloud.pl\/wp-content\/uploads\/2025\/09\/IMG_2689-\u2014-kopia-403x1024.jpg\" alt=\"kostium\" class=\"wp-image-386\" style=\"width:251px;height:auto\" srcset=\"https:\/\/www.verigo.hmcloud.pl\/wp-content\/uploads\/2025\/09\/IMG_2689-\u2014-kopia-403x1024.jpg 403w, https:\/\/www.verigo.hmcloud.pl\/wp-content\/uploads\/2025\/09\/IMG_2689-\u2014-kopia-118x300.jpg 118w, https:\/\/www.verigo.hmcloud.pl\/wp-content\/uploads\/2025\/09\/IMG_2689-\u2014-kopia-604x1536.jpg 604w, https:\/\/www.verigo.hmcloud.pl\/wp-content\/uploads\/2025\/09\/IMG_2689-\u2014-kopia.jpg 768w\" sizes=\"auto, (max-width: 403px) 100vw, 403px\" \/><\/figure>\n<\/div>\n\n\n\n<div class=\"wp-block-column is-layout-flow wp-block-column-is-layout-flow\">\n<figure class=\"wp-block-image size-large is-resized\"><img loading=\"lazy\" decoding=\"async\" width=\"409\" height=\"1024\" src=\"http:\/\/www.verigo.hmcloud.pl\/wp-content\/uploads\/2025\/09\/IMG_2700-409x1024.jpg\" alt=\"kostium\" class=\"wp-image-387\" style=\"width:258px;height:auto\" srcset=\"https:\/\/www.verigo.hmcloud.pl\/wp-content\/uploads\/2025\/09\/IMG_2700-409x1024.jpg 409w, https:\/\/www.verigo.hmcloud.pl\/wp-content\/uploads\/2025\/09\/IMG_2700-120x300.jpg 120w, https:\/\/www.verigo.hmcloud.pl\/wp-content\/uploads\/2025\/09\/IMG_2700-768x1921.jpg 768w, https:\/\/www.verigo.hmcloud.pl\/wp-content\/uploads\/2025\/09\/IMG_2700-614x1536.jpg 614w, https:\/\/www.verigo.hmcloud.pl\/wp-content\/uploads\/2025\/09\/IMG_2700.jpg 777w\" sizes=\"auto, (max-width: 409px) 100vw, 409px\" \/><\/figure>\n<\/div>\n<\/div>\n\n\n\n<div class=\"wp-block-columns is-layout-flex wp-container-core-columns-is-layout-9d6595d7 wp-block-columns-is-layout-flex\">\n<div class=\"wp-block-column is-layout-flow wp-block-column-is-layout-flow\">\n<figure class=\"wp-block-image size-large is-resized\"><img loading=\"lazy\" decoding=\"async\" width=\"389\" height=\"1024\" src=\"http:\/\/www.verigo.hmcloud.pl\/wp-content\/uploads\/2025\/09\/IMG_2780-389x1024.jpg\" alt=\"kostium\" class=\"wp-image-388\" style=\"width:242px;height:auto\" srcset=\"https:\/\/www.verigo.hmcloud.pl\/wp-content\/uploads\/2025\/09\/IMG_2780-389x1024.jpg 389w, https:\/\/www.verigo.hmcloud.pl\/wp-content\/uploads\/2025\/09\/IMG_2780-114x300.jpg 114w, https:\/\/www.verigo.hmcloud.pl\/wp-content\/uploads\/2025\/09\/IMG_2780-584x1536.jpg 584w, https:\/\/www.verigo.hmcloud.pl\/wp-content\/uploads\/2025\/09\/IMG_2780.jpg 741w\" sizes=\"auto, (max-width: 389px) 100vw, 389px\" \/><\/figure>\n<\/div>\n\n\n\n<div class=\"wp-block-column is-layout-flow wp-block-column-is-layout-flow\">\n<figure class=\"wp-block-image size-large is-resized\"><img loading=\"lazy\" decoding=\"async\" width=\"359\" height=\"1024\" src=\"http:\/\/www.verigo.hmcloud.pl\/wp-content\/uploads\/2025\/09\/IMG_2801-359x1024.jpg\" alt=\"kostium\" class=\"wp-image-389\" style=\"width:226px;height:auto\" srcset=\"https:\/\/www.verigo.hmcloud.pl\/wp-content\/uploads\/2025\/09\/IMG_2801-359x1024.jpg 359w, https:\/\/www.verigo.hmcloud.pl\/wp-content\/uploads\/2025\/09\/IMG_2801-105x300.jpg 105w, https:\/\/www.verigo.hmcloud.pl\/wp-content\/uploads\/2025\/09\/IMG_2801-539x1536.jpg 539w, https:\/\/www.verigo.hmcloud.pl\/wp-content\/uploads\/2025\/09\/IMG_2801.jpg 681w\" sizes=\"auto, (max-width: 359px) 100vw, 359px\" \/><\/figure>\n<\/div>\n<\/div>\n\n\n\n<div class=\"wp-block-columns is-layout-flex wp-container-core-columns-is-layout-9d6595d7 wp-block-columns-is-layout-flex\">\n<div class=\"wp-block-column is-layout-flow wp-block-column-is-layout-flow\">\n<figure class=\"wp-block-image size-large is-resized\"><img loading=\"lazy\" decoding=\"async\" width=\"336\" height=\"1024\" src=\"http:\/\/www.verigo.hmcloud.pl\/wp-content\/uploads\/2025\/09\/IMG_3086a-336x1024.jpg\" alt=\"kostium\" class=\"wp-image-390\" style=\"width:257px;height:auto\" srcset=\"https:\/\/www.verigo.hmcloud.pl\/wp-content\/uploads\/2025\/09\/IMG_3086a-336x1024.jpg 336w, https:\/\/www.verigo.hmcloud.pl\/wp-content\/uploads\/2025\/09\/IMG_3086a-768x2339.jpg 768w, https:\/\/www.verigo.hmcloud.pl\/wp-content\/uploads\/2025\/09\/IMG_3086a-504x1536.jpg 504w, https:\/\/www.verigo.hmcloud.pl\/wp-content\/uploads\/2025\/09\/IMG_3086a-672x2048.jpg 672w, https:\/\/www.verigo.hmcloud.pl\/wp-content\/uploads\/2025\/09\/IMG_3086a-scaled.jpg 841w\" sizes=\"auto, (max-width: 336px) 100vw, 336px\" \/><\/figure>\n<\/div>\n\n\n\n<div class=\"wp-block-column is-layout-flow wp-block-column-is-layout-flow\">\n<figure class=\"wp-block-image size-large is-resized\"><img loading=\"lazy\" decoding=\"async\" width=\"322\" height=\"1024\" src=\"http:\/\/www.verigo.hmcloud.pl\/wp-content\/uploads\/2025\/09\/IMG_3161a-322x1024.jpg\" alt=\"kostium\" class=\"wp-image-391\" style=\"width:245px;height:auto\" srcset=\"https:\/\/www.verigo.hmcloud.pl\/wp-content\/uploads\/2025\/09\/IMG_3161a-322x1024.jpg 322w, https:\/\/www.verigo.hmcloud.pl\/wp-content\/uploads\/2025\/09\/IMG_3161a-94x300.jpg 94w, https:\/\/www.verigo.hmcloud.pl\/wp-content\/uploads\/2025\/09\/IMG_3161a-768x2442.jpg 768w, https:\/\/www.verigo.hmcloud.pl\/wp-content\/uploads\/2025\/09\/IMG_3161a-483x1536.jpg 483w, https:\/\/www.verigo.hmcloud.pl\/wp-content\/uploads\/2025\/09\/IMG_3161a-644x2048.jpg 644w, https:\/\/www.verigo.hmcloud.pl\/wp-content\/uploads\/2025\/09\/IMG_3161a-scaled.jpg 805w\" sizes=\"auto, (max-width: 322px) 100vw, 322px\" \/><\/figure>\n<\/div>\n<\/div>\n\n\n\n<p>Obecnie kostiumy szyjemy g\u0142ownie na zam\u00f3wienie, natomiast do sklepu wolimy dostarcza\u0107 rzeczy nawzajem do siebie pasuj\u0105ce, czyli np. sp\u00f3dnice czy spodnie do \u017cakietu z materia\u0142u pasuj\u0105cego  ale nie identycznego. Staramy si\u0119 te\u017c by do \u017cakiet\u00f3w by\u0142y w naszej ofercie odpowiednie bluzki.<\/p>\n","protected":false},"excerpt":{"rendered":"<p>Kostiumy-kilka przyk\u0142ad\u00f3w. Obecnie kostiumy szyjemy g\u0142ownie na zam\u00f3wienie, natomiast do sklepu wolimy dostarcza\u0107 rzeczy nawzajem do siebie pasuj\u0105ce, czyli np. sp\u00f3dnice czy spodnie do \u017cakietu z materia\u0142u pasuj\u0105cego ale nie identycznego. Staramy si\u0119 te\u017c by do \u017cakiet\u00f3w by\u0142y w naszej ofercie odpowiednie bluzki.<\/p>\n","protected":false},"author":1,"featured_media":0,"parent":47,"menu_order":0,"comment_status":"closed","ping_status":"closed","template":"","meta":{"footnotes":""},"class_list":["post-383","page","type-page","status-publish","hentry"],"_links":{"self":[{"href":"https:\/\/www.verigo.hmcloud.pl\/index.php\/wp-json\/wp\/v2\/pages\/383","targetHints":{"allow":["GET"]}}],"collection":[{"href":"https:\/\/www.verigo.hmcloud.pl\/index.php\/wp-json\/wp\/v2\/pages"}],"about":[{"href":"https:\/\/www.verigo.hmcloud.pl\/index.php\/wp-json\/wp\/v2\/types\/page"}],"author":[{"embeddable":true,"href":"https:\/\/www.verigo.hmcloud.pl\/index.php\/wp-json\/wp\/v2\/users\/1"}],"replies":[{"embeddable":true,"href":"https:\/\/www.verigo.hmcloud.pl\/index.php\/wp-json\/wp\/v2\/comments?post=383"}],"version-history":[{"count":1,"href":"https:\/\/www.verigo.hmcloud.pl\/index.php\/wp-json\/wp\/v2\/pages\/383\/revisions"}],"predecessor-version":[{"id":392,"href":"https:\/\/www.verigo.hmcloud.pl\/index.php\/wp-json\/wp\/v2\/pages\/383\/revisions\/392"}],"up":[{"embeddable":true,"href":"https:\/\/www.verigo.hmcloud.pl\/index.php\/wp-json\/wp\/v2\/pages\/47"}],"wp:attachment":[{"href":"https:\/\/www.verigo.hmcloud.pl\/index.php\/wp-json\/wp\/v2\/media?parent=383"}],"curies":[{"name":"wp","href":"https:\/\/api.w.org\/{rel}","templated":true}]}}