{"id":47,"date":"2025-09-12T03:53:46","date_gmt":"2025-09-12T03:53:46","guid":{"rendered":"http:\/\/www.verigo.hmcloud.pl\/?page_id=47"},"modified":"2025-09-22T11:17:11","modified_gmt":"2025-09-22T11:17:11","slug":"verigo-ubrania-gotowe","status":"publish","type":"page","link":"https:\/\/www.verigo.hmcloud.pl\/index.php\/verigo-ubrania-gotowe\/","title":{"rendered":"ubrania gotowe"},"content":{"rendered":"\n<figure class=\"wp-block-image size-large\"><img loading=\"lazy\" decoding=\"async\" width=\"1024\" height=\"425\" src=\"http:\/\/www.verigo.hmcloud.pl\/wp-content\/uploads\/2025\/09\/rysunek-1024x425.jpg\" alt=\"\" class=\"wp-image-44\" srcset=\"https:\/\/www.verigo.hmcloud.pl\/wp-content\/uploads\/2025\/09\/rysunek-1024x425.jpg 1024w, https:\/\/www.verigo.hmcloud.pl\/wp-content\/uploads\/2025\/09\/rysunek-300x124.jpg 300w, https:\/\/www.verigo.hmcloud.pl\/wp-content\/uploads\/2025\/09\/rysunek-768x318.jpg 768w, https:\/\/www.verigo.hmcloud.pl\/wp-content\/uploads\/2025\/09\/rysunek.jpg 1078w\" sizes=\"auto, (max-width: 1024px) 100vw, 1024px\" \/><\/figure>\n\n\n\n<h2 class=\"wp-block-heading\">W naszym sklepie oferujemy: sukienki, sp\u00f3dnice, spodnie, bluzki, wdzianka, kurtki i kurteczki oraz dodatki. Ca\u0142y czas mamy te\u017c wieszak outletowy, na kt\u00f3rym s\u0105 pojedyncze sztuki, bez wyboru rozmiar\u00f3w ale za to w bardzo atrakcyjnych cenach.<\/h2>\n\n\n\n<figure class=\"wp-block-image size-full is-resized\"><img loading=\"lazy\" decoding=\"async\" width=\"645\" height=\"258\" src=\"http:\/\/www.verigo.hmcloud.pl\/wp-content\/uploads\/2025\/09\/suk-5a.jpg\" alt=\"\" class=\"wp-image-138\" style=\"width:840px;height:auto\" srcset=\"https:\/\/www.verigo.hmcloud.pl\/wp-content\/uploads\/2025\/09\/suk-5a.jpg 645w, https:\/\/www.verigo.hmcloud.pl\/wp-content\/uploads\/2025\/09\/suk-5a-300x120.jpg 300w\" sizes=\"auto, (max-width: 645px) 100vw, 645px\" \/><\/figure>\n\n\n\n<p>przyk\u0142ady gotowych  sukienek oferowanych w sklepie.<\/p>\n\n\n\n<figure class=\"wp-block-image size-full is-resized\"><img loading=\"lazy\" decoding=\"async\" width=\"651\" height=\"321\" src=\"http:\/\/www.verigo.hmcloud.pl\/wp-content\/uploads\/2025\/09\/suk-5b.jpg\" alt=\"\" class=\"wp-image-151\" style=\"width:840px;height:auto\" srcset=\"https:\/\/www.verigo.hmcloud.pl\/wp-content\/uploads\/2025\/09\/suk-5b.jpg 651w, https:\/\/www.verigo.hmcloud.pl\/wp-content\/uploads\/2025\/09\/suk-5b-300x148.jpg 300w\" sizes=\"auto, (max-width: 651px) 100vw, 651px\" \/><\/figure>\n\n\n\n<p>przyk\u0142ady gotowych spodni,bluzek i kostium\u00f3w<\/p>\n\n\n\n<p><\/p>\n\n\n\n<figure class=\"wp-block-pullquote has-larger-font-size\"><blockquote><p>Nowe ubrania dostarczamy do sklepu nawet kilka razy w tygodniu. Nowo\u015bci mo\u017cna zobaczy\u0107 na naszej stronie na facebook`u: Verigo Odzie\u017c Damska<\/p><\/blockquote><\/figure>\n\n\n\n<p class=\"has-larger-font-size\">Nasze rozmiary s\u0105 du\u017ce. Rozmiar 46 w wielu innych firmach by\u0142by rozmiarem &#8222;+size&#8221;. Najcz\u0119\u015bciej jest te\u017c mo\u017cliwo\u015b\u0107 uszycia jeszcze wi\u0119kszej sztuki odzie\u017cy w ramach bie\u017c\u0105cej produkcji ale b\u0119dzie ona dro\u017csza tylko o zwi\u0119kszone zu\u017cycie materia\u0142u. <\/p>\n","protected":false},"excerpt":{"rendered":"<p>W naszym sklepie oferujemy: sukienki, sp\u00f3dnice, spodnie, bluzki, wdzianka, kurtki i kurteczki oraz dodatki. Ca\u0142y czas mamy te\u017c wieszak outletowy, na kt\u00f3rym s\u0105 pojedyncze sztuki, bez wyboru rozmiar\u00f3w ale za to w bardzo atrakcyjnych cenach. przyk\u0142ady gotowych sukienek oferowanych w sklepie. przyk\u0142ady gotowych spodni,bluzek i [&hellip;]<\/p>\n","protected":false},"author":1,"featured_media":0,"parent":0,"menu_order":0,"comment_status":"closed","ping_status":"closed","template":"","meta":{"footnotes":""},"class_list":["post-47","page","type-page","status-publish","hentry"],"_links":{"self":[{"href":"https:\/\/www.verigo.hmcloud.pl\/index.php\/wp-json\/wp\/v2\/pages\/47","targetHints":{"allow":["GET"]}}],"collection":[{"href":"https:\/\/www.verigo.hmcloud.pl\/index.php\/wp-json\/wp\/v2\/pages"}],"about":[{"href":"https:\/\/www.verigo.hmcloud.pl\/index.php\/wp-json\/wp\/v2\/types\/page"}],"author":[{"embeddable":true,"href":"https:\/\/www.verigo.hmcloud.pl\/index.php\/wp-json\/wp\/v2\/users\/1"}],"replies":[{"embeddable":true,"href":"https:\/\/www.verigo.hmcloud.pl\/index.php\/wp-json\/wp\/v2\/comments?post=47"}],"version-history":[{"count":14,"href":"https:\/\/www.verigo.hmcloud.pl\/index.php\/wp-json\/wp\/v2\/pages\/47\/revisions"}],"predecessor-version":[{"id":413,"href":"https:\/\/www.verigo.hmcloud.pl\/index.php\/wp-json\/wp\/v2\/pages\/47\/revisions\/413"}],"wp:attachment":[{"href":"https:\/\/www.verigo.hmcloud.pl\/index.php\/wp-json\/wp\/v2\/media?parent=47"}],"curies":[{"name":"wp","href":"https:\/\/api.w.org\/{rel}","templated":true}]}}