{"id":53,"date":"2025-09-10T09:18:46","date_gmt":"2025-09-10T09:18:46","guid":{"rendered":"http:\/\/www.verigo.hmcloud.pl\/?page_id=53"},"modified":"2025-09-12T10:16:39","modified_gmt":"2025-09-12T10:16:39","slug":"sklep-verigo-bielanska-6-tel-511-227-767","status":"publish","type":"page","link":"https:\/\/www.verigo.hmcloud.pl\/","title":{"rendered":"Witamy w VERIGO"},"content":{"rendered":"\n<figure class=\"wp-block-image size-large\"><img loading=\"lazy\" decoding=\"async\" width=\"1024\" height=\"416\" src=\"http:\/\/www.verigo.hmcloud.pl\/wp-content\/uploads\/2025\/09\/rysunek-5-1024x416.jpg\" alt=\"\" class=\"wp-image-42\" srcset=\"https:\/\/www.verigo.hmcloud.pl\/wp-content\/uploads\/2025\/09\/rysunek-5-1024x416.jpg 1024w, https:\/\/www.verigo.hmcloud.pl\/wp-content\/uploads\/2025\/09\/rysunek-5-300x122.jpg 300w, https:\/\/www.verigo.hmcloud.pl\/wp-content\/uploads\/2025\/09\/rysunek-5-768x312.jpg 768w, https:\/\/www.verigo.hmcloud.pl\/wp-content\/uploads\/2025\/09\/rysunek-5-1536x624.jpg 1536w, https:\/\/www.verigo.hmcloud.pl\/wp-content\/uploads\/2025\/09\/rysunek-5-1140x463.jpg 1140w, https:\/\/www.verigo.hmcloud.pl\/wp-content\/uploads\/2025\/09\/rysunek-5.jpg 1892w\" sizes=\"auto, (max-width: 1024px) 100vw, 1024px\" \/><\/figure>\n\n\n\n<p><\/p>\n\n\n\n<p>Produkujemy klasyczne ubrania dla pa\u0144. Szyjemy je we w\u0142asnej pracowni wy\u0142\u0105cznie z tkanin naturalnych, we\u0142ny, bawe\u0142ny, wiskozy, lnu. To pozwala nam by\u0107 pewnymi co do ich jako\u015bci. Przyjmujemy r\u00f3wnie\u017c zam\u00f3wienia indywidualne. W cenie podstawowej ka\u017cdego ubrania zawarty jest te\u017c koszt dopasowania go do sylwetki klientki. Niekiedy mo\u017cemy te\u017c przyj\u0105\u0107 zam\u00f3wienie na poprawk\u0119 w rzeczach przecenionych, ale wtedy jest to dodatkowo p\u0142atne. Zakup rzeczy gotowej wymaga jednej wizyty w sklepie, bo poprawione ubranie mo\u017cemy wys\u0142a\u0107 na adres klientki.<\/p>\n\n\n\n<p>Zam\u00f3wienia indywidualne- szycie na miar\u0119<\/p>\n\n\n\n<p>Szycie na miar\u0119 wymaga um\u00f3wienia si\u0119 na konkretny dzie\u0144 w celu z\u0142o\u017cenia zam\u00f3wienia. Przyjmujemy zam\u00f3wienia na podstawie opisu tego , co chce klientka, r\u00f3wnie\u017c na podstawie przyniesionego zdj\u0119cia i oczywi\u015bcie mo\u017cemy zmieni\u0107 model znajduj\u0105cy si\u0119 w sklepie tak by lepiej odpowiada\u0142 potrzebie klientki. Podczas sk\u0142adania zam\u00f3wienia ustalany jest termin wykonania i cena.<\/p>\n\n\n\n<p>Sk\u0142adaj\u0105c zam\u00f3wienie na szycie miarowe trzeba si\u0119 liczy\u0107 z konieczno\u015bci\u0105 przyj\u015bcia do sklepu do miary w um\u00f3wionym terminie. Przy bardziej skomplikowanych zam\u00f3wieniach lub bardzo trudnej sylwetce mog\u0105 by\u0107 potrzebne dwie miary.<\/p>\n\n\n\n<p><\/p>\n","protected":false},"excerpt":{"rendered":"<p>Produkujemy klasyczne ubrania dla pa\u0144. Szyjemy je we w\u0142asnej pracowni wy\u0142\u0105cznie z tkanin naturalnych, we\u0142ny, bawe\u0142ny, wiskozy, lnu. To pozwala nam by\u0107 pewnymi co do ich jako\u015bci. Przyjmujemy r\u00f3wnie\u017c zam\u00f3wienia indywidualne. W cenie podstawowej ka\u017cdego ubrania zawarty jest te\u017c koszt dopasowania go do sylwetki klientki. [&hellip;]<\/p>\n","protected":false},"author":1,"featured_media":0,"parent":0,"menu_order":0,"comment_status":"closed","ping_status":"closed","template":"","meta":{"footnotes":""},"class_list":["post-53","page","type-page","status-publish","hentry"],"_links":{"self":[{"href":"https:\/\/www.verigo.hmcloud.pl\/index.php\/wp-json\/wp\/v2\/pages\/53","targetHints":{"allow":["GET"]}}],"collection":[{"href":"https:\/\/www.verigo.hmcloud.pl\/index.php\/wp-json\/wp\/v2\/pages"}],"about":[{"href":"https:\/\/www.verigo.hmcloud.pl\/index.php\/wp-json\/wp\/v2\/types\/page"}],"author":[{"embeddable":true,"href":"https:\/\/www.verigo.hmcloud.pl\/index.php\/wp-json\/wp\/v2\/users\/1"}],"replies":[{"embeddable":true,"href":"https:\/\/www.verigo.hmcloud.pl\/index.php\/wp-json\/wp\/v2\/comments?post=53"}],"version-history":[{"count":9,"href":"https:\/\/www.verigo.hmcloud.pl\/index.php\/wp-json\/wp\/v2\/pages\/53\/revisions"}],"predecessor-version":[{"id":149,"href":"https:\/\/www.verigo.hmcloud.pl\/index.php\/wp-json\/wp\/v2\/pages\/53\/revisions\/149"}],"wp:attachment":[{"href":"https:\/\/www.verigo.hmcloud.pl\/index.php\/wp-json\/wp\/v2\/media?parent=53"}],"curies":[{"name":"wp","href":"https:\/\/api.w.org\/{rel}","templated":true}]}}